{"id":2162,"date":"2024-03-25T14:40:51","date_gmt":"2024-03-25T14:40:51","guid":{"rendered":"https:\/\/diversityroadmap.org\/roadmap-tool\/"},"modified":"2024-11-27T16:41:23","modified_gmt":"2024-11-27T16:41:23","slug":"roadmap-tool","status":"publish","type":"page","link":"https:\/\/diversityroadmap.org\/it\/roadmap-tool\/","title":{"rendered":"Roadmap Tool"},"content":{"rendered":"\n<div class=\"wp-block-buttons has-custom-font-size has-small-font-size is-horizontal is-content-justification-left is-layout-flex wp-container-core-buttons-is-layout-1 wp-block-buttons-is-layout-flex\">\n<div class=\"wp-block-button has-custom-font-size has-small-font-size\"><a class=\"wp-block-button__link wp-element-button\" href=\"https:\/\/diversityroadmap.org\/it\/topics\/comunicazione\/\">Comunicazione<\/a><\/div>\n\n\n\n<div class=\"wp-block-button has-custom-font-size has-small-font-size\"><a class=\"wp-block-button__link wp-element-button\" href=\"https:\/\/diversityroadmap.org\/it\/topics\/strutture\/\">Strutture<\/a><\/div>\n\n\n\n<div class=\"wp-block-button has-custom-font-size has-small-font-size\"><a class=\"wp-block-button__link wp-element-button\" href=\"https:\/\/diversityroadmap.org\/it\/topics\/programmazione\/\">Programmazione<\/a><\/div>\n\n\n\n<div class=\"wp-block-button has-custom-font-size has-small-font-size\"><a class=\"wp-block-button__link wp-element-button\" href=\"https:\/\/diversityroadmap.org\/it\/topics\/infrastruttura\/\">Infrastruttura<\/a><\/div>\n\n\n\n<div class=\"wp-block-button has-custom-font-size has-small-font-size\"><a class=\"wp-block-button__link wp-element-button\" href=\"https:\/\/diversityroadmap.org\/it\/topics\/intervention\/\">Intervento<\/a><\/div>\n\n\n\n<div class=\"wp-block-button has-custom-font-size has-small-font-size\"><a class=\"wp-block-button__link wp-element-button\" href=\"https:\/\/diversityroadmap.org\/wp-content\/uploads\/2024\/11\/DigitalVersionDiversityRoadmap_IT.pdf\" target=\"_blank\" rel=\"noreferrer noopener\">DownLoad il poster<\/a><\/div>\n<\/div>\n\n\n\n<p>La diversity roadmap avanza semplici raccomandazioni per promuovere la diversit\u00e0 e la parit\u00e0 di trattamento nei club o ai festival.<\/p>\n\n\n\n<p>Per noi i club e i festival sono luoghi pubblici che dovrebbero essere accessibili a tutte le persone che vogliono accedervi. Riteniamo che vivere la diversit\u00e0 e la partecipazione presupponga l\u2019assunzione di responsabilit\u00e0 e l\u2019adozione di misure ade-guate per creare spazi non discriminatori e promuovere attivamente una convivenza rispettosa di diverse realt\u00e0 di vita.<\/p>\n\n\n\n<p>La diversity roadmap non offre risposte e soluzioni pronte, ma invita ad analizzare, discutere e sviluppare determinati atteggiamenti e atti. Se vuoi saperne di pi\u00f9 gi\u00e0 adesso cliccca sui seguenti link che ti indirizzeranno alle principali tematiche della roadmap: <a href=\"https:\/\/diversityroadmap.org\/it\/topics\/comunicazione\/\">Comunicazione<\/a>, <a href=\"https:\/\/diversityroadmap.org\/it\/topics\/strutture\/\">strutture<\/a>, <a href=\"https:\/\/diversityroadmap.org\/it\/topics\/programmazione\/\">programmazione<\/a>, <a href=\"https:\/\/diversityroadmap.org\/it\/topics\/strutture\/\">strutture<\/a> e <a href=\"https:\/\/diversityroadmap.org\/it\/topics\/intervention\/\">intervento<\/a>.<\/p>\n\n\n\n<figure class=\"wp-block-image is-resized\"><img decoding=\"async\" src=\"https:\/\/roadmap-staging.ninare2.myhostpoint.ch\/wp-content\/uploads\/2021\/03\/Voegel_RGB-Kopie-1800x1870.png\" alt=\"Diversity Roadmap Helvetiarockt\" class=\"wp-image-737\" style=\"width:415px;height:auto\"\/><\/figure>\n\n\n\n<p>La diversity roadmap \u00e8 stata lanciata nella primavera 2019 allo scopo di contrastare ogni forma di discriminazione nel settore musicale con attenzione e fermezza, adottare un comportamento rispettoso e coinvolgere il maggior numero di persone possibile. Assieme a diversi partner svilupppiamo continuamente nuove idee e proposte per rendere non discriminatorie e incentrare sulla diversit\u00e0 le manifestazioni, la programmazione, la comunicazione e l\u2019infrastruttura. La diversity roadmap esiste in forma digitale e stampata. \u00c8 stata tradotta in inglese francese e italiano.<\/p>\n\n\n\n<div style=\"height:50px\" aria-hidden=\"true\" class=\"wp-block-spacer\"><\/div>\n\n\n\n<h2 class=\"wp-block-heading\">SCRITTA DA<\/h2>\n\n\n\n\n<ul class=\"logoList\">\n\n   \n    \n                        \n      <li class=\"logoList__item\">\n\n        <a href=\"https:\/\/helvetiarockt.ch\" target=\"_blank\" class=\"logoList__imageWrapper\">\n          <img decoding=\"async\"  src=\"https:\/\/diversityroadmap.org\/wp-content\/uploads\/2024\/11\/HR_Logo_pos.jpg\" alt=\"\"\n                srcset=\"https:\/\/diversityroadmap.org\/wp-content\/uploads\/2024\/11\/HR_Logo_pos-200x0-c-default.jpg 200w, https:\/\/diversityroadmap.org\/wp-content\/uploads\/2024\/11\/HR_Logo_pos-370x0-c-default.jpg 370w, https:\/\/diversityroadmap.org\/wp-content\/uploads\/2024\/11\/HR_Logo_pos-500x0-c-default.jpg 500w, https:\/\/diversityroadmap.org\/wp-content\/uploads\/2024\/11\/HR_Logo_pos-700x0-c-default.jpg 700w\"\n                sizes=\"(min-width: 30em) 25vw, 50vw\"\n                class=\"logoList__image\"\/>\n        <\/a>\n\n      <\/li>\n\n  \n    \n                        \n      <li class=\"logoList__item\">\n\n        <a href=\"https:\/\/www.petzi.ch\/de\/\" target=\"_blank\" class=\"logoList__imageWrapper\">\n          <img decoding=\"async\"  src=\"https:\/\/diversityroadmap.org\/wp-content\/uploads\/2024\/11\/petzi_logo_ppt.jpg\" alt=\"\"\n                srcset=\"https:\/\/diversityroadmap.org\/wp-content\/uploads\/2024\/11\/petzi_logo_ppt-200x0-c-default.jpg 200w, https:\/\/diversityroadmap.org\/wp-content\/uploads\/2024\/11\/petzi_logo_ppt-370x0-c-default.jpg 370w, https:\/\/diversityroadmap.org\/wp-content\/uploads\/2024\/11\/petzi_logo_ppt-500x0-c-default.jpg 500w, https:\/\/diversityroadmap.org\/wp-content\/uploads\/2024\/11\/petzi_logo_ppt-700x0-c-default.jpg 700w\"\n                sizes=\"(min-width: 30em) 25vw, 50vw\"\n                class=\"logoList__image\"\/>\n        <\/a>\n\n      <\/li>\n\n  \n    \n                        \n      <li class=\"logoList__item\">\n\n        <a href=\"https:\/\/www.flirtdonthurt.ch\" target=\"_blank\" class=\"logoList__imageWrapper\">\n          <img decoding=\"async\"  src=\"https:\/\/diversityroadmap.org\/wp-content\/uploads\/2024\/11\/FDH_Logo_1f_positiv_ohne_Claim_CMYK.jpg\" alt=\"\"\n                srcset=\"https:\/\/diversityroadmap.org\/wp-content\/uploads\/2024\/11\/FDH_Logo_1f_positiv_ohne_Claim_CMYK-200x0-c-default.jpg 200w, https:\/\/diversityroadmap.org\/wp-content\/uploads\/2024\/11\/FDH_Logo_1f_positiv_ohne_Claim_CMYK-370x0-c-default.jpg 370w, https:\/\/diversityroadmap.org\/wp-content\/uploads\/2024\/11\/FDH_Logo_1f_positiv_ohne_Claim_CMYK-500x0-c-default.jpg 500w, https:\/\/diversityroadmap.org\/wp-content\/uploads\/2024\/11\/FDH_Logo_1f_positiv_ohne_Claim_CMYK-700x0-c-default.jpg 700w\"\n                sizes=\"(min-width: 30em) 25vw, 50vw\"\n                class=\"logoList__image\"\/>\n        <\/a>\n\n      <\/li>\n\n  \n    \n                        \n      <li class=\"logoList__item\">\n\n        <a href=\"https:\/\/www.sensability.ch\" target=\"_blank\" class=\"logoList__imageWrapper\">\n          <img decoding=\"async\"  src=\"https:\/\/diversityroadmap.org\/wp-content\/uploads\/2024\/11\/SA_Branding_cmyk-scaled-1.jpg\" alt=\"\"\n                srcset=\"https:\/\/diversityroadmap.org\/wp-content\/uploads\/2024\/11\/SA_Branding_cmyk-scaled-1-200x0-c-default.jpg 200w, https:\/\/diversityroadmap.org\/wp-content\/uploads\/2024\/11\/SA_Branding_cmyk-scaled-1-370x0-c-default.jpg 370w, https:\/\/diversityroadmap.org\/wp-content\/uploads\/2024\/11\/SA_Branding_cmyk-scaled-1-500x0-c-default.jpg 500w, https:\/\/diversityroadmap.org\/wp-content\/uploads\/2024\/11\/SA_Branding_cmyk-scaled-1-700x0-c-default.jpg 700w\"\n                sizes=\"(min-width: 30em) 25vw, 50vw\"\n                class=\"logoList__image\"\/>\n        <\/a>\n\n      <\/li>\n\n  \n    \n                        \n      <li class=\"logoList__item\">\n\n        <a href=\"https:\/\/wecandanceit.ch\" target=\"_blank\" class=\"logoList__imageWrapper\">\n          <img decoding=\"async\"  src=\"https:\/\/diversityroadmap.org\/wp-content\/uploads\/2024\/11\/WCDI-1.jpg\" alt=\"\"\n                srcset=\"https:\/\/diversityroadmap.org\/wp-content\/uploads\/2024\/11\/WCDI-1-200x0-c-default.jpg 200w, https:\/\/diversityroadmap.org\/wp-content\/uploads\/2024\/11\/WCDI-1-370x0-c-default.jpg 370w, https:\/\/diversityroadmap.org\/wp-content\/uploads\/2024\/11\/WCDI-1-500x0-c-default.jpg 500w, https:\/\/diversityroadmap.org\/wp-content\/uploads\/2024\/11\/WCDI-1-700x0-c-default.jpg 700w\"\n                sizes=\"(min-width: 30em) 25vw, 50vw\"\n                class=\"logoList__image\"\/>\n        <\/a>\n\n      <\/li>\n\n  \n  <\/ul>\n\n\n\n<div style=\"height:100px\" aria-hidden=\"true\" class=\"wp-block-spacer\"><\/div>\n\n\n\n<h2 class=\"wp-block-heading\">SOSTEGNO A LIVELLO DI CONTENUTO<\/h2>\n\n\n\n<p><\/p>\n\n\n\n<p><a aria-label=\"INES Institut neue Schweiz (\u00f6ffnet in neuem Tab)\" href=\"https:\/\/institutneueschweiz.ch\" target=\"_blank\" rel=\"noreferrer noopener\">INES Istituto Nuova Svizzera<\/a><\/p>\n\n\n\n<p><a aria-label=\"Fachstelle f\u00fcr Gleichstellung Stadt Z\u00fcrich (\u00f6ffnet in neuem Tab)\" href=\"https:\/\/www.stadt-zuerich.ch\/prd\/de\/index\/gleichstellung.html\" target=\"_blank\" rel=\"noreferrer noopener\">Ufficio per le pari opportunit\u00e0 della Citt\u00e0 di <\/a><font color=\"#000000\" face=\"GT-America-Standard-Bold\"><span style=\"caret-color: rgb(0, 0, 0);\"><u>Zurigo<\/u><\/span><\/font><\/p>\n\n\n\n<p><a href=\"https:\/\/www.sta.be.ch\/de\/start\/ueber-uns\/gleichstellung-im-kanton-bern\/fachstelle-fuer-die-gleichstellung.html\" target=\"_blank\" rel=\"noreferrer noopener\">Ufficio delle pari opportunit\u00e0 della Citt\u00e0 di Berna<\/a><\/p>\n","protected":false},"excerpt":{"rendered":"<p>La diversity roadmap avanza semplici raccomandazioni per promuovere la diversit\u00e0 e la parit\u00e0 di trattamento nei club o ai festival. Per noi i club e i festival sono luoghi pubblici che dovrebbero essere accessibili a tutte le persone che vogliono accedervi. Riteniamo che vivere la diversit\u00e0 e la partecipazione presupponga l\u2019assunzione di responsabilit\u00e0 e l\u2019adozione [&hellip;]<\/p>\n","protected":false},"author":6,"featured_media":0,"parent":0,"menu_order":0,"comment_status":"closed","ping_status":"closed","template":"","meta":{"_acf_changed":false,"footnotes":""},"class_list":["post-2162","page","type-page","status-publish","hentry"],"acf":[],"yoast_head":"<!-- This site is optimized with the Yoast SEO plugin v24.0 - https:\/\/yoast.com\/wordpress\/plugins\/seo\/ -->\n<title>Roadmap Tool | Diversity Roadmap<\/title>\n<meta name=\"robots\" content=\"index, follow, max-snippet:-1, max-image-preview:large, max-video-preview:-1\" \/>\n<link rel=\"canonical\" href=\"https:\/\/diversityroadmap.org\/it\/roadmap-tool\/\" \/>\n<meta property=\"og:locale\" content=\"it_IT\" \/>\n<meta property=\"og:type\" content=\"article\" \/>\n<meta property=\"og:title\" content=\"Roadmap Tool | Diversity Roadmap\" \/>\n<meta property=\"og:description\" content=\"La diversity roadmap avanza semplici raccomandazioni per promuovere la diversit\u00e0 e la parit\u00e0 di trattamento nei club o ai festival. Per noi i club e i festival sono luoghi pubblici che dovrebbero essere accessibili a tutte le persone che vogliono accedervi. Riteniamo che vivere la diversit\u00e0 e la partecipazione presupponga l\u2019assunzione di responsabilit\u00e0 e l\u2019adozione [&hellip;]\" \/>\n<meta property=\"og:url\" content=\"https:\/\/diversityroadmap.org\/it\/roadmap-tool\/\" \/>\n<meta property=\"og:site_name\" content=\"Diversity Roadmap\" \/>\n<meta property=\"article:publisher\" content=\"https:\/\/www.facebook.com\/HELVETIAROCKT\" \/>\n<meta property=\"article:modified_time\" content=\"2024-11-27T16:41:23+00:00\" \/>\n<meta property=\"og:image\" content=\"https:\/\/roadmap-staging.ninare2.myhostpoint.ch\/wp-content\/uploads\/2021\/03\/Voegel_RGB-Kopie-1800x1870.png\" \/>\n<meta name=\"twitter:card\" content=\"summary_large_image\" \/>\n<meta name=\"twitter:label1\" content=\"Tempo di lettura stimato\" \/>\n\t<meta name=\"twitter:data1\" content=\"2 minuti\" \/>\n<script type=\"application\/ld+json\" class=\"yoast-schema-graph\">{\"@context\":\"https:\/\/schema.org\",\"@graph\":[{\"@type\":\"WebPage\",\"@id\":\"https:\/\/diversityroadmap.org\/it\/roadmap-tool\/\",\"url\":\"https:\/\/diversityroadmap.org\/it\/roadmap-tool\/\",\"name\":\"Roadmap Tool | Diversity Roadmap\",\"isPartOf\":{\"@id\":\"https:\/\/diversityroadmap.org\/it\/#website\"},\"primaryImageOfPage\":{\"@id\":\"https:\/\/diversityroadmap.org\/it\/roadmap-tool\/#primaryimage\"},\"image\":{\"@id\":\"https:\/\/diversityroadmap.org\/it\/roadmap-tool\/#primaryimage\"},\"thumbnailUrl\":\"https:\/\/roadmap-staging.ninare2.myhostpoint.ch\/wp-content\/uploads\/2021\/03\/Voegel_RGB-Kopie-1800x1870.png\",\"datePublished\":\"2024-03-25T14:40:51+00:00\",\"dateModified\":\"2024-11-27T16:41:23+00:00\",\"breadcrumb\":{\"@id\":\"https:\/\/diversityroadmap.org\/it\/roadmap-tool\/#breadcrumb\"},\"inLanguage\":\"it-IT\",\"potentialAction\":[{\"@type\":\"ReadAction\",\"target\":[\"https:\/\/diversityroadmap.org\/it\/roadmap-tool\/\"]}]},{\"@type\":\"ImageObject\",\"inLanguage\":\"it-IT\",\"@id\":\"https:\/\/diversityroadmap.org\/it\/roadmap-tool\/#primaryimage\",\"url\":\"https:\/\/roadmap-staging.ninare2.myhostpoint.ch\/wp-content\/uploads\/2021\/03\/Voegel_RGB-Kopie-1800x1870.png\",\"contentUrl\":\"https:\/\/roadmap-staging.ninare2.myhostpoint.ch\/wp-content\/uploads\/2021\/03\/Voegel_RGB-Kopie-1800x1870.png\"},{\"@type\":\"BreadcrumbList\",\"@id\":\"https:\/\/diversityroadmap.org\/it\/roadmap-tool\/#breadcrumb\",\"itemListElement\":[{\"@type\":\"ListItem\",\"position\":1,\"name\":\"Home\",\"item\":\"https:\/\/diversityroadmap.org\/it\/\"},{\"@type\":\"ListItem\",\"position\":2,\"name\":\"Roadmap Tool\"}]},{\"@type\":\"WebSite\",\"@id\":\"https:\/\/diversityroadmap.org\/it\/#website\",\"url\":\"https:\/\/diversityroadmap.org\/it\/\",\"name\":\"Diversity Roadmap\",\"description\":\"\",\"publisher\":{\"@id\":\"https:\/\/diversityroadmap.org\/it\/#organization\"},\"potentialAction\":[{\"@type\":\"SearchAction\",\"target\":{\"@type\":\"EntryPoint\",\"urlTemplate\":\"https:\/\/diversityroadmap.org\/it\/?s={search_term_string}\"},\"query-input\":{\"@type\":\"PropertyValueSpecification\",\"valueRequired\":true,\"valueName\":\"search_term_string\"}}],\"inLanguage\":\"it-IT\"},{\"@type\":\"Organization\",\"@id\":\"https:\/\/diversityroadmap.org\/it\/#organization\",\"name\":\"Helvetiarockt\",\"url\":\"https:\/\/diversityroadmap.org\/it\/\",\"logo\":{\"@type\":\"ImageObject\",\"inLanguage\":\"it-IT\",\"@id\":\"https:\/\/diversityroadmap.org\/it\/#\/schema\/logo\/image\/\",\"url\":\"https:\/\/diversityroadmap.org\/wp-content\/uploads\/2020\/04\/HR_Logo_pos.jpg\",\"contentUrl\":\"https:\/\/diversityroadmap.org\/wp-content\/uploads\/2020\/04\/HR_Logo_pos.jpg\",\"width\":591,\"height\":334,\"caption\":\"Helvetiarockt\"},\"image\":{\"@id\":\"https:\/\/diversityroadmap.org\/it\/#\/schema\/logo\/image\/\"},\"sameAs\":[\"https:\/\/www.facebook.com\/HELVETIAROCKT\",\"https:\/\/www.instagram.com\/HELVETIAROCKT\",\"https:\/\/www.youtube.com\/HELVETIAROCKT\"]}]}<\/script>\n<!-- \/ Yoast SEO plugin. -->","yoast_head_json":{"title":"Roadmap Tool | Diversity Roadmap","robots":{"index":"index","follow":"follow","max-snippet":"max-snippet:-1","max-image-preview":"max-image-preview:large","max-video-preview":"max-video-preview:-1"},"canonical":"https:\/\/diversityroadmap.org\/it\/roadmap-tool\/","og_locale":"it_IT","og_type":"article","og_title":"Roadmap Tool | Diversity Roadmap","og_description":"La diversity roadmap avanza semplici raccomandazioni per promuovere la diversit\u00e0 e la parit\u00e0 di trattamento nei club o ai festival. Per noi i club e i festival sono luoghi pubblici che dovrebbero essere accessibili a tutte le persone che vogliono accedervi. Riteniamo che vivere la diversit\u00e0 e la partecipazione presupponga l\u2019assunzione di responsabilit\u00e0 e l\u2019adozione [&hellip;]","og_url":"https:\/\/diversityroadmap.org\/it\/roadmap-tool\/","og_site_name":"Diversity Roadmap","article_publisher":"https:\/\/www.facebook.com\/HELVETIAROCKT","article_modified_time":"2024-11-27T16:41:23+00:00","og_image":[{"url":"https:\/\/roadmap-staging.ninare2.myhostpoint.ch\/wp-content\/uploads\/2021\/03\/Voegel_RGB-Kopie-1800x1870.png","type":"","width":"","height":""}],"twitter_card":"summary_large_image","twitter_misc":{"Tempo di lettura stimato":"2 minuti"},"schema":{"@context":"https:\/\/schema.org","@graph":[{"@type":"WebPage","@id":"https:\/\/diversityroadmap.org\/it\/roadmap-tool\/","url":"https:\/\/diversityroadmap.org\/it\/roadmap-tool\/","name":"Roadmap Tool | Diversity Roadmap","isPartOf":{"@id":"https:\/\/diversityroadmap.org\/it\/#website"},"primaryImageOfPage":{"@id":"https:\/\/diversityroadmap.org\/it\/roadmap-tool\/#primaryimage"},"image":{"@id":"https:\/\/diversityroadmap.org\/it\/roadmap-tool\/#primaryimage"},"thumbnailUrl":"https:\/\/roadmap-staging.ninare2.myhostpoint.ch\/wp-content\/uploads\/2021\/03\/Voegel_RGB-Kopie-1800x1870.png","datePublished":"2024-03-25T14:40:51+00:00","dateModified":"2024-11-27T16:41:23+00:00","breadcrumb":{"@id":"https:\/\/diversityroadmap.org\/it\/roadmap-tool\/#breadcrumb"},"inLanguage":"it-IT","potentialAction":[{"@type":"ReadAction","target":["https:\/\/diversityroadmap.org\/it\/roadmap-tool\/"]}]},{"@type":"ImageObject","inLanguage":"it-IT","@id":"https:\/\/diversityroadmap.org\/it\/roadmap-tool\/#primaryimage","url":"https:\/\/roadmap-staging.ninare2.myhostpoint.ch\/wp-content\/uploads\/2021\/03\/Voegel_RGB-Kopie-1800x1870.png","contentUrl":"https:\/\/roadmap-staging.ninare2.myhostpoint.ch\/wp-content\/uploads\/2021\/03\/Voegel_RGB-Kopie-1800x1870.png"},{"@type":"BreadcrumbList","@id":"https:\/\/diversityroadmap.org\/it\/roadmap-tool\/#breadcrumb","itemListElement":[{"@type":"ListItem","position":1,"name":"Home","item":"https:\/\/diversityroadmap.org\/it\/"},{"@type":"ListItem","position":2,"name":"Roadmap Tool"}]},{"@type":"WebSite","@id":"https:\/\/diversityroadmap.org\/it\/#website","url":"https:\/\/diversityroadmap.org\/it\/","name":"Diversity Roadmap","description":"","publisher":{"@id":"https:\/\/diversityroadmap.org\/it\/#organization"},"potentialAction":[{"@type":"SearchAction","target":{"@type":"EntryPoint","urlTemplate":"https:\/\/diversityroadmap.org\/it\/?s={search_term_string}"},"query-input":{"@type":"PropertyValueSpecification","valueRequired":true,"valueName":"search_term_string"}}],"inLanguage":"it-IT"},{"@type":"Organization","@id":"https:\/\/diversityroadmap.org\/it\/#organization","name":"Helvetiarockt","url":"https:\/\/diversityroadmap.org\/it\/","logo":{"@type":"ImageObject","inLanguage":"it-IT","@id":"https:\/\/diversityroadmap.org\/it\/#\/schema\/logo\/image\/","url":"https:\/\/diversityroadmap.org\/wp-content\/uploads\/2020\/04\/HR_Logo_pos.jpg","contentUrl":"https:\/\/diversityroadmap.org\/wp-content\/uploads\/2020\/04\/HR_Logo_pos.jpg","width":591,"height":334,"caption":"Helvetiarockt"},"image":{"@id":"https:\/\/diversityroadmap.org\/it\/#\/schema\/logo\/image\/"},"sameAs":["https:\/\/www.facebook.com\/HELVETIAROCKT","https:\/\/www.instagram.com\/HELVETIAROCKT","https:\/\/www.youtube.com\/HELVETIAROCKT"]}]}},"distributor_meta":false,"distributor_terms":false,"distributor_media":false,"distributor_original_site_name":"Diversity Roadmap","distributor_original_site_url":"https:\/\/diversityroadmap.org\/it\/","push-errors":false,"_links":{"self":[{"href":"https:\/\/diversityroadmap.org\/it\/wp-json\/wp\/v2\/pages\/2162","targetHints":{"allow":["GET"]}}],"collection":[{"href":"https:\/\/diversityroadmap.org\/it\/wp-json\/wp\/v2\/pages"}],"about":[{"href":"https:\/\/diversityroadmap.org\/it\/wp-json\/wp\/v2\/types\/page"}],"author":[{"embeddable":true,"href":"https:\/\/diversityroadmap.org\/it\/wp-json\/wp\/v2\/users\/6"}],"replies":[{"embeddable":true,"href":"https:\/\/diversityroadmap.org\/it\/wp-json\/wp\/v2\/comments?post=2162"}],"version-history":[{"count":7,"href":"https:\/\/diversityroadmap.org\/it\/wp-json\/wp\/v2\/pages\/2162\/revisions"}],"predecessor-version":[{"id":2933,"href":"https:\/\/diversityroadmap.org\/it\/wp-json\/wp\/v2\/pages\/2162\/revisions\/2933"}],"wp:attachment":[{"href":"https:\/\/diversityroadmap.org\/it\/wp-json\/wp\/v2\/media?parent=2162"}],"curies":[{"name":"wp","href":"https:\/\/api.w.org\/{rel}","templated":true}]}}