{"id":1532,"date":"2023-10-25T09:37:51","date_gmt":"2023-10-25T09:37:51","guid":{"rendered":"https:\/\/diversityroadmap.org\/sexualisierte-gewalt\/"},"modified":"2024-11-26T14:49:15","modified_gmt":"2024-11-26T14:49:15","slug":"violenza-sessualizzata","status":"publish","type":"page","link":"https:\/\/diversityroadmap.org\/it\/violenza-sessualizzata\/","title":{"rendered":"Violenza di genere"},"content":{"rendered":"\n<div style=\"height:20px\" aria-hidden=\"true\" class=\"wp-block-spacer\"><\/div>\n\n\n\n<div style=\"height:20px\" aria-hidden=\"true\" class=\"wp-block-spacer\"><\/div>\n\n\n\n<div class=\"wp-block-buttons has-custom-font-size has-small-font-size is-horizontal is-content-justification-left is-layout-flex wp-container-core-buttons-is-layout-1 wp-block-buttons-is-layout-flex\">\n<div class=\"wp-block-button has-custom-font-size has-small-font-size\"><a class=\"wp-block-button__link wp-element-button\" href=\"https:\/\/diversityroadmap.org\/it\/agenda\/\">Agenda<\/a><\/div>\n\n\n\n<div class=\"wp-block-button has-custom-font-size has-small-font-size\"><a class=\"wp-block-button__link wp-element-button\" href=\"https:\/\/diversityroadmap.org\/it\/topics\/notice-step-up-act\/\">Notice | step up | act<\/a><\/div>\n\n\n\n<div class=\"wp-block-button has-custom-font-size has-small-font-size\"><a class=\"wp-block-button__link wp-element-button\" href=\"https:\/\/diversityroadmap.org\/it\/topics\/consent-is-key\/\">Consent is key<\/a><\/div>\n\n\n\n<div class=\"wp-block-button has-custom-font-size has-small-font-size\"><a class=\"wp-block-button__link wp-element-button\" href=\"https:\/\/linktr.ee\/diversityroadmap\" target=\"_blank\" rel=\"noreferrer noopener\">Dove posso ottenere supporto?<\/a><\/div>\n\n\n\n<div class=\"wp-block-button has-custom-font-size has-small-font-size\"><a class=\"wp-block-button__link wp-element-button\" href=\"https:\/\/diversityroadmap.org\/wp-content\/uploads\/2023\/11\/Pas-seulement-des-affiches-dans-les-toilettes-Helvetiarockt.pdf\" target=\"_blank\" rel=\"noreferrer noopener\">Download rapporto (Francese)<\/a><\/div>\n\n\n\n<div class=\"wp-block-button has-custom-font-size has-small-font-size\"><a class=\"wp-block-button__link wp-element-button\" href=\"https:\/\/diversityroadmap.org\/wp-content\/uploads\/2024\/04\/Immagine-nascosta-scaled.jpg\" target=\"_blank\" rel=\"noreferrer noopener\">Download Immagine nascosta<\/a><\/div>\n<\/div>\n\n\n\n<div style=\"height:20px\" aria-hidden=\"true\" class=\"wp-block-spacer\"><\/div>\n\n\n\n<p><strong>Violenza di genere nei club e ai festival &nbsp;in Svizzera<\/strong><\/p>\n\n\n\n<p>I club e i festival svolgono una funzione culturale e sociale. &nbsp;Sono lo specchio della societ\u00e0 e rappresentano luoghi d\u2019incontro che consentono di accedere al mondo della cultura e offrono una piattaforma alle artiste-x nazionali e internazionali. Sono tuttavia anche luoghi in cui le persone possono essere vittime di diverse forme di discriminazione e violenza di genere. Tale violenza pu\u00f2 essere esercitata non solo dal pubblico, ma anche dalle persone che lavorano nei club e ai festival, anche a titolo volontario, nonch\u00e9 dal personale artistico e dai fornitori-x. &nbsp;A subire la violenza di genere sono soprattutto le donne, le persone inter, non binarie e agender.<\/p>\n\n\n<div class=\"alignfull\">\n\n  <dl class=\"explanation\">\n\n    <dt class=\"explanation__titleWrapper\">\n      <h1 class=\"explanation__title\">THERE ARE MANY FORMS OF SEXUALISED VIOLENCE! \u2013 LET US NO LONGER BE SILENT ABOUT IT.<\/h1>\n\n          <\/dt>\n\n    <dd class=\"explanation__text\">\n      \n\n<p>La violenza di genere pu\u00f2 assumere forme diverse: da uno sguardo insistente a un linguaggio degradante, da giudizi di valore non richiesti su persone e corpi a comportamenti trasgressivi dal punto di vista fisico quali palpamenti, violenze sessuali e stupri. La violenza di genere pu\u00f2 essere verbale, fisica o psicologica.<\/p>\n\n\n\n<p>Altre forme di violenza di genere, considerate meno gravi, quali un comportamento intrusivo indesiderato o il contatto fisico, non sono sempre riconosciute come tali oppure vengono minimizzate e ritenute normali.<\/p>\n\n\n\n<p>La violenza di genere non interessa solo il pubblico dei club e dei festival, ma anche il personale tecnico, le persone che lavorano a titolo volontario e il personale artistico. Non si tratta di casi isolati: la violenza di genere \u00e8 perpetrata ovunque, anche nei club e ai festival.<\/p>\n\n\n\n<p>La violenza di genere \u00e8 un\u2019aggressione mirata contro l\u2019integrit\u00e0 sessuale e di genere delle persone. Si tratta innanzitutto di una dimostrazione di potere e della volont\u00e0 di svilire altre persone. La violenza di genere riflette le dinamiche di potere esistenti che si manifestano anche attraverso l\u2019attribuzione di stereotipi di genere e di ruolo nonch\u00e9 le disparit\u00e0 di genere. In questo contesto, la discriminazione basata sul genere, sull\u2019identit\u00e0 di genere e l\u2019espressione di genere si sovrappone ad altre forme di discriminazione, quali il razzismo.<\/p>\n\n\n\n<p>Fino a quando persisteranno le disuguaglianze, gli squilibri di potere, il sessismo e le strutture gerarchiche la violenza di genere sar\u00e0 onnipresente. Le si pu\u00f2 tuttavia dare un nome, la si pu\u00f2 criticare, condannare e sanzionare per impedire future aggressioni e promuovere l\u2019abolizione delle strutture di potere patriarcali. Prevenire la violenza di genere \u00e8 un compito comune.<\/p>\n\n\n    <\/dd>\n\n  <\/dl>\n<\/div>\n\n\n<div style=\"height:50px\" aria-hidden=\"true\" class=\"wp-block-spacer\"><\/div>\n\n\n\n<div class=\"wp-block-group is-vertical is-content-justification-right is-layout-flex wp-container-core-group-is-layout-1 wp-block-group-is-layout-flex\">\n<figure class=\"wp-block-image alignleft size-large\"><img decoding=\"async\" width=\"1800\" height=\"536\" src=\"https:\/\/diversityroadmap.org\/wp-content\/uploads\/2023\/11\/Stickers_in_a_row_web-1800x536.png\" alt=\"Sticker Sexualisierte Gewalt \/\/ Helvetiarockt On Tour\" class=\"wp-image-1648\" srcset=\"https:\/\/diversityroadmap.org\/wp-content\/uploads\/2023\/11\/Stickers_in_a_row_web-1800x536.png 1800w, https:\/\/diversityroadmap.org\/wp-content\/uploads\/2023\/11\/Stickers_in_a_row_web-500x149.png 500w, https:\/\/diversityroadmap.org\/wp-content\/uploads\/2023\/11\/Stickers_in_a_row_web-800x238.png 800w, https:\/\/diversityroadmap.org\/wp-content\/uploads\/2023\/11\/Stickers_in_a_row_web-1536x458.png 1536w, https:\/\/diversityroadmap.org\/wp-content\/uploads\/2023\/11\/Stickers_in_a_row_web-2048x610.png 2048w\" sizes=\"(max-width: 1800px) 100vw, 1800px\" \/><\/figure>\n<\/div>\n\n\n\n<div style=\"height:50px\" aria-hidden=\"true\" class=\"wp-block-spacer\"><\/div>\n\n\n<div class=\"alignfull\">\n\n  <dl class=\"explanation\">\n\n    <dt class=\"explanation__titleWrapper\">\n      <h1 class=\"explanation__title\">CERCHI SOSTEGNO?<\/h1>\n\n          <\/dt>\n\n    <dd class=\"explanation__text\">\n      \n\n<p>Non ti senti a tuo agio in una situazione, subisci pressioni, sei vittima di molestie o minacce? Non sai come valutare una situazione che hai osservato?<\/p>\n\n\n\n<p>Tu sei l\u2019unica persona che sa quando e perch\u00e9 non ti sei sentita a tuo agio<\/p>\n\n\n\n<p>o quando e come i tuoi limiti sono stati violati. Sei tu a decidere cosa fare.<\/p>\n\n\n\n<p>Se lo desideri, puoi confidarti alle persone a te pi\u00f9 care, a quelle presenti nel pubblico o al personale. In alternativa, puoi rivolgerti direttamente a servizi di consulenza professionali.<\/p>\n\n\n\n<p>I centri di consulenza possono offrirti il sostegno e la consulenza necessari in modo confidenziale e gratuitamente \u2013 anche in forma anonima per telefono od online. Puoi rivolgerti ad esempio ai servizi comunali o cantonali specializzati in materia di uguaglianza, ai servizi cantonali di aiuto alle vittime o far capo ad altre offerte.<\/p>\n\n\n    <\/dd>\n\n  <\/dl>\n<\/div>\n\n\n\n\n\n<div class=\"linkList white alignfull\" style=\"background-color: white\">\n\n  <h2 class=\"linkList__title\"><\/h2>\n\n  <ul class=\"linkList__list one\">\n          <li class=\"linkList__item\">\n        <a class=\"linkList__itemLink\" href=\"https:\/\/linktr.ee\/diversityroadmap \" target=\"_blank\">\n          <p class=\"linkList__itemName\">Per maggiori informazioni sulle offerte e i consultori clicca qui<\/p>\n          <span class=\"linkList__itemUrl\"> <\/span>\n        <\/a>\n      <\/li>\n    \n  <\/ul>\n\n<\/div>\n\n\n\n<p>Rapporto sulla violenza di genere nei club e ai festival in Svizzera. Di quale sostegno hanno bisogno i club e i festival per lottare attivamente contro la violenza di genere?<\/p>\n\n\n\n<p><a href=\"https:\/\/diversityroadmap.org\/wp-content\/uploads\/2023\/11\/Nicht-nur-Plakate-in-den-Toiletten-Helvetiarockt.pdf\" target=\"_blank\" rel=\"noreferrer noopener\">Scarica il rapporto in tedesco<\/a><\/p>\n\n\n\n<p><a href=\"https:\/\/diversityroadmap.org\/wp-content\/uploads\/2023\/11\/Pas-seulement-des-affiches-dans-les-toilettes-Helvetiarockt.pdf\" target=\"_blank\" rel=\"noreferrer noopener\">Scarica il rapporto in francese<\/a><\/p>\n\n\n\n<p><a href=\"https:\/\/diversityroadmap.org\/wp-content\/uploads\/2024\/11\/Not-just-posters-in-the-bathrooms-Helvetiarockt.pdf\" target=\"_blank\" rel=\"noreferrer noopener\">Scarica il rapporto in inglese<\/a><\/p>\n","protected":false},"excerpt":{"rendered":"<p>Violenza di genere nei club e ai festival &nbsp;in Svizzera I club e i festival svolgono una funzione culturale e sociale. &nbsp;Sono lo specchio della societ\u00e0 e rappresentano luoghi d\u2019incontro che consentono di accedere al mondo della cultura e offrono una piattaforma alle artiste-x nazionali e internazionali. Sono tuttavia anche luoghi in cui le persone [&hellip;]<\/p>\n","protected":false},"author":6,"featured_media":0,"parent":0,"menu_order":0,"comment_status":"closed","ping_status":"closed","template":"","meta":{"_acf_changed":false,"footnotes":""},"class_list":["post-1532","page","type-page","status-publish","hentry"],"acf":[],"yoast_head":"<!-- This site is optimized with the Yoast SEO plugin v24.0 - https:\/\/yoast.com\/wordpress\/plugins\/seo\/ -->\n<title>Violenza di genere | Diversity Roadmap<\/title>\n<meta name=\"robots\" content=\"index, follow, max-snippet:-1, max-image-preview:large, max-video-preview:-1\" \/>\n<link rel=\"canonical\" href=\"https:\/\/diversityroadmap.org\/it\/violenza-sessualizzata\/\" \/>\n<meta property=\"og:locale\" content=\"it_IT\" \/>\n<meta property=\"og:type\" content=\"article\" \/>\n<meta property=\"og:title\" content=\"Violenza di genere | Diversity Roadmap\" \/>\n<meta property=\"og:description\" content=\"Violenza di genere nei club e ai festival &nbsp;in Svizzera I club e i festival svolgono una funzione culturale e sociale. &nbsp;Sono lo specchio della societ\u00e0 e rappresentano luoghi d\u2019incontro che consentono di accedere al mondo della cultura e offrono una piattaforma alle artiste-x nazionali e internazionali. Sono tuttavia anche luoghi in cui le persone [&hellip;]\" \/>\n<meta property=\"og:url\" content=\"https:\/\/diversityroadmap.org\/it\/violenza-sessualizzata\/\" \/>\n<meta property=\"og:site_name\" content=\"Diversity Roadmap\" \/>\n<meta property=\"article:publisher\" content=\"https:\/\/www.facebook.com\/HELVETIAROCKT\" \/>\n<meta property=\"article:modified_time\" content=\"2024-11-26T14:49:15+00:00\" \/>\n<meta property=\"og:image\" content=\"https:\/\/diversityroadmap.org\/wp-content\/uploads\/2023\/11\/Stickers_in_a_row_web-1800x536.png\" \/>\n<meta name=\"twitter:card\" content=\"summary_large_image\" \/>\n<meta name=\"twitter:label1\" content=\"Tempo di lettura stimato\" \/>\n\t<meta name=\"twitter:data1\" content=\"4 minuti\" \/>\n<script type=\"application\/ld+json\" class=\"yoast-schema-graph\">{\"@context\":\"https:\/\/schema.org\",\"@graph\":[{\"@type\":\"WebPage\",\"@id\":\"https:\/\/diversityroadmap.org\/it\/violenza-sessualizzata\/\",\"url\":\"https:\/\/diversityroadmap.org\/it\/violenza-sessualizzata\/\",\"name\":\"Violenza di genere | Diversity Roadmap\",\"isPartOf\":{\"@id\":\"https:\/\/diversityroadmap.org\/it\/#website\"},\"primaryImageOfPage\":{\"@id\":\"https:\/\/diversityroadmap.org\/it\/violenza-sessualizzata\/#primaryimage\"},\"image\":{\"@id\":\"https:\/\/diversityroadmap.org\/it\/violenza-sessualizzata\/#primaryimage\"},\"thumbnailUrl\":\"https:\/\/diversityroadmap.org\/wp-content\/uploads\/2023\/11\/Stickers_in_a_row_web-1800x536.png\",\"datePublished\":\"2023-10-25T09:37:51+00:00\",\"dateModified\":\"2024-11-26T14:49:15+00:00\",\"breadcrumb\":{\"@id\":\"https:\/\/diversityroadmap.org\/it\/violenza-sessualizzata\/#breadcrumb\"},\"inLanguage\":\"it-IT\",\"potentialAction\":[{\"@type\":\"ReadAction\",\"target\":[\"https:\/\/diversityroadmap.org\/it\/violenza-sessualizzata\/\"]}]},{\"@type\":\"ImageObject\",\"inLanguage\":\"it-IT\",\"@id\":\"https:\/\/diversityroadmap.org\/it\/violenza-sessualizzata\/#primaryimage\",\"url\":\"https:\/\/diversityroadmap.org\/wp-content\/uploads\/2023\/11\/Stickers_in_a_row_web-1800x536.png\",\"contentUrl\":\"https:\/\/diversityroadmap.org\/wp-content\/uploads\/2023\/11\/Stickers_in_a_row_web-1800x536.png\"},{\"@type\":\"BreadcrumbList\",\"@id\":\"https:\/\/diversityroadmap.org\/it\/violenza-sessualizzata\/#breadcrumb\",\"itemListElement\":[{\"@type\":\"ListItem\",\"position\":1,\"name\":\"Home\",\"item\":\"https:\/\/diversityroadmap.org\/it\/\"},{\"@type\":\"ListItem\",\"position\":2,\"name\":\"Violenza di genere\"}]},{\"@type\":\"WebSite\",\"@id\":\"https:\/\/diversityroadmap.org\/it\/#website\",\"url\":\"https:\/\/diversityroadmap.org\/it\/\",\"name\":\"Diversity Roadmap\",\"description\":\"\",\"publisher\":{\"@id\":\"https:\/\/diversityroadmap.org\/it\/#organization\"},\"potentialAction\":[{\"@type\":\"SearchAction\",\"target\":{\"@type\":\"EntryPoint\",\"urlTemplate\":\"https:\/\/diversityroadmap.org\/it\/?s={search_term_string}\"},\"query-input\":{\"@type\":\"PropertyValueSpecification\",\"valueRequired\":true,\"valueName\":\"search_term_string\"}}],\"inLanguage\":\"it-IT\"},{\"@type\":\"Organization\",\"@id\":\"https:\/\/diversityroadmap.org\/it\/#organization\",\"name\":\"Helvetiarockt\",\"url\":\"https:\/\/diversityroadmap.org\/it\/\",\"logo\":{\"@type\":\"ImageObject\",\"inLanguage\":\"it-IT\",\"@id\":\"https:\/\/diversityroadmap.org\/it\/#\/schema\/logo\/image\/\",\"url\":\"https:\/\/diversityroadmap.org\/wp-content\/uploads\/2020\/04\/HR_Logo_pos.jpg\",\"contentUrl\":\"https:\/\/diversityroadmap.org\/wp-content\/uploads\/2020\/04\/HR_Logo_pos.jpg\",\"width\":591,\"height\":334,\"caption\":\"Helvetiarockt\"},\"image\":{\"@id\":\"https:\/\/diversityroadmap.org\/it\/#\/schema\/logo\/image\/\"},\"sameAs\":[\"https:\/\/www.facebook.com\/HELVETIAROCKT\",\"https:\/\/www.instagram.com\/HELVETIAROCKT\",\"https:\/\/www.youtube.com\/HELVETIAROCKT\"]}]}<\/script>\n<!-- \/ Yoast SEO plugin. -->","yoast_head_json":{"title":"Violenza di genere | Diversity Roadmap","robots":{"index":"index","follow":"follow","max-snippet":"max-snippet:-1","max-image-preview":"max-image-preview:large","max-video-preview":"max-video-preview:-1"},"canonical":"https:\/\/diversityroadmap.org\/it\/violenza-sessualizzata\/","og_locale":"it_IT","og_type":"article","og_title":"Violenza di genere | Diversity Roadmap","og_description":"Violenza di genere nei club e ai festival &nbsp;in Svizzera I club e i festival svolgono una funzione culturale e sociale. &nbsp;Sono lo specchio della societ\u00e0 e rappresentano luoghi d\u2019incontro che consentono di accedere al mondo della cultura e offrono una piattaforma alle artiste-x nazionali e internazionali. Sono tuttavia anche luoghi in cui le persone [&hellip;]","og_url":"https:\/\/diversityroadmap.org\/it\/violenza-sessualizzata\/","og_site_name":"Diversity Roadmap","article_publisher":"https:\/\/www.facebook.com\/HELVETIAROCKT","article_modified_time":"2024-11-26T14:49:15+00:00","og_image":[{"url":"https:\/\/diversityroadmap.org\/wp-content\/uploads\/2023\/11\/Stickers_in_a_row_web-1800x536.png","type":"","width":"","height":""}],"twitter_card":"summary_large_image","twitter_misc":{"Tempo di lettura stimato":"4 minuti"},"schema":{"@context":"https:\/\/schema.org","@graph":[{"@type":"WebPage","@id":"https:\/\/diversityroadmap.org\/it\/violenza-sessualizzata\/","url":"https:\/\/diversityroadmap.org\/it\/violenza-sessualizzata\/","name":"Violenza di genere | Diversity Roadmap","isPartOf":{"@id":"https:\/\/diversityroadmap.org\/it\/#website"},"primaryImageOfPage":{"@id":"https:\/\/diversityroadmap.org\/it\/violenza-sessualizzata\/#primaryimage"},"image":{"@id":"https:\/\/diversityroadmap.org\/it\/violenza-sessualizzata\/#primaryimage"},"thumbnailUrl":"https:\/\/diversityroadmap.org\/wp-content\/uploads\/2023\/11\/Stickers_in_a_row_web-1800x536.png","datePublished":"2023-10-25T09:37:51+00:00","dateModified":"2024-11-26T14:49:15+00:00","breadcrumb":{"@id":"https:\/\/diversityroadmap.org\/it\/violenza-sessualizzata\/#breadcrumb"},"inLanguage":"it-IT","potentialAction":[{"@type":"ReadAction","target":["https:\/\/diversityroadmap.org\/it\/violenza-sessualizzata\/"]}]},{"@type":"ImageObject","inLanguage":"it-IT","@id":"https:\/\/diversityroadmap.org\/it\/violenza-sessualizzata\/#primaryimage","url":"https:\/\/diversityroadmap.org\/wp-content\/uploads\/2023\/11\/Stickers_in_a_row_web-1800x536.png","contentUrl":"https:\/\/diversityroadmap.org\/wp-content\/uploads\/2023\/11\/Stickers_in_a_row_web-1800x536.png"},{"@type":"BreadcrumbList","@id":"https:\/\/diversityroadmap.org\/it\/violenza-sessualizzata\/#breadcrumb","itemListElement":[{"@type":"ListItem","position":1,"name":"Home","item":"https:\/\/diversityroadmap.org\/it\/"},{"@type":"ListItem","position":2,"name":"Violenza di genere"}]},{"@type":"WebSite","@id":"https:\/\/diversityroadmap.org\/it\/#website","url":"https:\/\/diversityroadmap.org\/it\/","name":"Diversity Roadmap","description":"","publisher":{"@id":"https:\/\/diversityroadmap.org\/it\/#organization"},"potentialAction":[{"@type":"SearchAction","target":{"@type":"EntryPoint","urlTemplate":"https:\/\/diversityroadmap.org\/it\/?s={search_term_string}"},"query-input":{"@type":"PropertyValueSpecification","valueRequired":true,"valueName":"search_term_string"}}],"inLanguage":"it-IT"},{"@type":"Organization","@id":"https:\/\/diversityroadmap.org\/it\/#organization","name":"Helvetiarockt","url":"https:\/\/diversityroadmap.org\/it\/","logo":{"@type":"ImageObject","inLanguage":"it-IT","@id":"https:\/\/diversityroadmap.org\/it\/#\/schema\/logo\/image\/","url":"https:\/\/diversityroadmap.org\/wp-content\/uploads\/2020\/04\/HR_Logo_pos.jpg","contentUrl":"https:\/\/diversityroadmap.org\/wp-content\/uploads\/2020\/04\/HR_Logo_pos.jpg","width":591,"height":334,"caption":"Helvetiarockt"},"image":{"@id":"https:\/\/diversityroadmap.org\/it\/#\/schema\/logo\/image\/"},"sameAs":["https:\/\/www.facebook.com\/HELVETIAROCKT","https:\/\/www.instagram.com\/HELVETIAROCKT","https:\/\/www.youtube.com\/HELVETIAROCKT"]}]}},"distributor_meta":false,"distributor_terms":false,"distributor_media":false,"distributor_original_site_name":"Diversity Roadmap","distributor_original_site_url":"https:\/\/diversityroadmap.org\/it\/","push-errors":false,"_links":{"self":[{"href":"https:\/\/diversityroadmap.org\/it\/wp-json\/wp\/v2\/pages\/1532","targetHints":{"allow":["GET"]}}],"collection":[{"href":"https:\/\/diversityroadmap.org\/it\/wp-json\/wp\/v2\/pages"}],"about":[{"href":"https:\/\/diversityroadmap.org\/it\/wp-json\/wp\/v2\/types\/page"}],"author":[{"embeddable":true,"href":"https:\/\/diversityroadmap.org\/it\/wp-json\/wp\/v2\/users\/6"}],"replies":[{"embeddable":true,"href":"https:\/\/diversityroadmap.org\/it\/wp-json\/wp\/v2\/comments?post=1532"}],"version-history":[{"count":35,"href":"https:\/\/diversityroadmap.org\/it\/wp-json\/wp\/v2\/pages\/1532\/revisions"}],"predecessor-version":[{"id":2847,"href":"https:\/\/diversityroadmap.org\/it\/wp-json\/wp\/v2\/pages\/1532\/revisions\/2847"}],"wp:attachment":[{"href":"https:\/\/diversityroadmap.org\/it\/wp-json\/wp\/v2\/media?parent=1532"}],"curies":[{"name":"wp","href":"https:\/\/api.w.org\/{rel}","templated":true}]}}