{"id":1420,"date":"2022-03-22T12:23:10","date_gmt":"2022-03-22T12:23:10","guid":{"rendered":"https:\/\/diversityroadmap.org\/genderisagalaxy\/"},"modified":"2026-02-23T11:01:37","modified_gmt":"2026-02-23T11:01:37","slug":"genderisagalaxy","status":"publish","type":"page","link":"https:\/\/diversityroadmap.org\/it\/genderisagalaxy\/","title":{"rendered":"Gender is a galaxy"},"content":{"rendered":"\n<p>Sotto l&#8217;insegna \u00abGender is a Galaxy\u00bb Helvetiarockt vuole rendere visibile la diversit\u00e0 dei generi. La prima azione di \u00abGender is a Galaxy\u00bb \u00e8 stata realizzata nel quadro del Festival m4music 2022 e pi\u00f9 precisamente nei bagni pubblici dei locali Schiffbau ed Exil. Lo scopo \u00e8 sensibilizzare il pubblico sul tema della diversit\u00e0 di genere. E i bagni pubblici, come spazio usato quotidianamente, sono un esempio molto calzante in questo contesto, perch\u00e9 non tutte le persone hanno la possibilit\u00e0 di scegliere in quale bagno entrare, non tutte si sentono sicure nei bagni pubblici e non tutte vi trovano l&#8217;infrastruttura di cui hanno bisogno.<\/p>\n\n\n\n<figure class=\"wp-block-gallery has-nested-images columns-default is-cropped wp-block-gallery-1 is-layout-flex wp-block-gallery-is-layout-flex\">\n<figure class=\"wp-block-image size-large\"><img decoding=\"async\" width=\"1800\" height=\"1800\" data-id=\"1360\" src=\"https:\/\/diversityroadmap.org\/wp-content\/uploads\/2022\/03\/Some_Posts_Gender_is_a_Galaxy_2022-1800x1800.jpg\" alt=\"Gender is a galaxy. We shout out @helvetiarockt\" class=\"wp-image-1360\" srcset=\"https:\/\/diversityroadmap.org\/wp-content\/uploads\/2022\/03\/Some_Posts_Gender_is_a_Galaxy_2022-1800x1800.jpg 1800w, https:\/\/diversityroadmap.org\/wp-content\/uploads\/2022\/03\/Some_Posts_Gender_is_a_Galaxy_2022-500x500.jpg 500w, https:\/\/diversityroadmap.org\/wp-content\/uploads\/2022\/03\/Some_Posts_Gender_is_a_Galaxy_2022-200x200.jpg 200w, https:\/\/diversityroadmap.org\/wp-content\/uploads\/2022\/03\/Some_Posts_Gender_is_a_Galaxy_2022-800x800.jpg 800w, https:\/\/diversityroadmap.org\/wp-content\/uploads\/2022\/03\/Some_Posts_Gender_is_a_Galaxy_2022-1536x1536.jpg 1536w, https:\/\/diversityroadmap.org\/wp-content\/uploads\/2022\/03\/Some_Posts_Gender_is_a_Galaxy_2022-2048x2048.jpg 2048w\" sizes=\"(max-width: 1800px) 100vw, 1800px\" \/><\/figure>\n\n\n\n<figure class=\"wp-block-image size-large\"><img decoding=\"async\" width=\"1800\" height=\"1800\" data-id=\"1368\" src=\"https:\/\/diversityroadmap.org\/wp-content\/uploads\/2022\/03\/Some_Posts_Gender_is_a_Galaxy_20223-1800x1800.jpg\" alt=\"Gender is a galaxy. Is there space for it in these toilets?\" class=\"wp-image-1368\" srcset=\"https:\/\/diversityroadmap.org\/wp-content\/uploads\/2022\/03\/Some_Posts_Gender_is_a_Galaxy_20223-1800x1800.jpg 1800w, https:\/\/diversityroadmap.org\/wp-content\/uploads\/2022\/03\/Some_Posts_Gender_is_a_Galaxy_20223-500x500.jpg 500w, https:\/\/diversityroadmap.org\/wp-content\/uploads\/2022\/03\/Some_Posts_Gender_is_a_Galaxy_20223-200x200.jpg 200w, https:\/\/diversityroadmap.org\/wp-content\/uploads\/2022\/03\/Some_Posts_Gender_is_a_Galaxy_20223-800x800.jpg 800w, https:\/\/diversityroadmap.org\/wp-content\/uploads\/2022\/03\/Some_Posts_Gender_is_a_Galaxy_20223-1536x1536.jpg 1536w, https:\/\/diversityroadmap.org\/wp-content\/uploads\/2022\/03\/Some_Posts_Gender_is_a_Galaxy_20223-2048x2048.jpg 2048w\" sizes=\"(max-width: 1800px) 100vw, 1800px\" \/><\/figure>\n\n\n\n<figure class=\"wp-block-image size-large\"><img decoding=\"async\" width=\"1800\" height=\"1800\" data-id=\"1364\" src=\"https:\/\/diversityroadmap.org\/wp-content\/uploads\/2022\/03\/Some_Posts_Gender_is_a_Galaxy_20222-1800x1800.jpg\" alt=\"Gender is a galaxy. Do you feel safe in these toilets?\" class=\"wp-image-1364\" srcset=\"https:\/\/diversityroadmap.org\/wp-content\/uploads\/2022\/03\/Some_Posts_Gender_is_a_Galaxy_20222-1800x1800.jpg 1800w, https:\/\/diversityroadmap.org\/wp-content\/uploads\/2022\/03\/Some_Posts_Gender_is_a_Galaxy_20222-500x500.jpg 500w, https:\/\/diversityroadmap.org\/wp-content\/uploads\/2022\/03\/Some_Posts_Gender_is_a_Galaxy_20222-200x200.jpg 200w, https:\/\/diversityroadmap.org\/wp-content\/uploads\/2022\/03\/Some_Posts_Gender_is_a_Galaxy_20222-800x800.jpg 800w, https:\/\/diversityroadmap.org\/wp-content\/uploads\/2022\/03\/Some_Posts_Gender_is_a_Galaxy_20222-1536x1536.jpg 1536w, https:\/\/diversityroadmap.org\/wp-content\/uploads\/2022\/03\/Some_Posts_Gender_is_a_Galaxy_20222-2048x2048.jpg 2048w\" sizes=\"(max-width: 1800px) 100vw, 1800px\" \/><\/figure>\n\n\n\n<figure class=\"wp-block-image size-large\"><img decoding=\"async\" width=\"1800\" height=\"1800\" data-id=\"1372\" src=\"https:\/\/diversityroadmap.org\/wp-content\/uploads\/2022\/03\/Some_Posts_Gender_is_a_Galaxy_20224-1800x1800.jpg\" alt=\"Gender is a galaxy. Can you choose your toilets?\" class=\"wp-image-1372\" srcset=\"https:\/\/diversityroadmap.org\/wp-content\/uploads\/2022\/03\/Some_Posts_Gender_is_a_Galaxy_20224-1800x1800.jpg 1800w, https:\/\/diversityroadmap.org\/wp-content\/uploads\/2022\/03\/Some_Posts_Gender_is_a_Galaxy_20224-500x500.jpg 500w, https:\/\/diversityroadmap.org\/wp-content\/uploads\/2022\/03\/Some_Posts_Gender_is_a_Galaxy_20224-200x200.jpg 200w, https:\/\/diversityroadmap.org\/wp-content\/uploads\/2022\/03\/Some_Posts_Gender_is_a_Galaxy_20224-800x800.jpg 800w, https:\/\/diversityroadmap.org\/wp-content\/uploads\/2022\/03\/Some_Posts_Gender_is_a_Galaxy_20224-1536x1536.jpg 1536w, https:\/\/diversityroadmap.org\/wp-content\/uploads\/2022\/03\/Some_Posts_Gender_is_a_Galaxy_20224-2048x2048.jpg 2048w\" sizes=\"(max-width: 1800px) 100vw, 1800px\" \/><\/figure>\n\n\n\n<figure class=\"wp-block-image size-large\"><img decoding=\"async\" width=\"1800\" height=\"1800\" data-id=\"1380\" src=\"https:\/\/diversityroadmap.org\/wp-content\/uploads\/2022\/03\/Some_Posts_Gender_is_a_Galaxy_20226-1800x1800.jpg\" alt=\"Gender is a galaxy. Do these toilets do your galaxy justice?\" class=\"wp-image-1380\" srcset=\"https:\/\/diversityroadmap.org\/wp-content\/uploads\/2022\/03\/Some_Posts_Gender_is_a_Galaxy_20226-1800x1800.jpg 1800w, https:\/\/diversityroadmap.org\/wp-content\/uploads\/2022\/03\/Some_Posts_Gender_is_a_Galaxy_20226-500x500.jpg 500w, https:\/\/diversityroadmap.org\/wp-content\/uploads\/2022\/03\/Some_Posts_Gender_is_a_Galaxy_20226-200x200.jpg 200w, https:\/\/diversityroadmap.org\/wp-content\/uploads\/2022\/03\/Some_Posts_Gender_is_a_Galaxy_20226-800x800.jpg 800w, https:\/\/diversityroadmap.org\/wp-content\/uploads\/2022\/03\/Some_Posts_Gender_is_a_Galaxy_20226-1536x1536.jpg 1536w, https:\/\/diversityroadmap.org\/wp-content\/uploads\/2022\/03\/Some_Posts_Gender_is_a_Galaxy_20226-2048x2048.jpg 2048w\" sizes=\"(max-width: 1800px) 100vw, 1800px\" \/><\/figure>\n\n\n\n<figure class=\"wp-block-image size-large\"><img decoding=\"async\" width=\"1800\" height=\"1800\" data-id=\"1376\" src=\"https:\/\/diversityroadmap.org\/wp-content\/uploads\/2022\/03\/Some_Posts_Gender_is_a_Galaxy_20225-1800x1800.jpg\" alt=\"Gender is a galaxy. And we all wash our hands.\" class=\"wp-image-1376\" srcset=\"https:\/\/diversityroadmap.org\/wp-content\/uploads\/2022\/03\/Some_Posts_Gender_is_a_Galaxy_20225-1800x1800.jpg 1800w, https:\/\/diversityroadmap.org\/wp-content\/uploads\/2022\/03\/Some_Posts_Gender_is_a_Galaxy_20225-500x500.jpg 500w, https:\/\/diversityroadmap.org\/wp-content\/uploads\/2022\/03\/Some_Posts_Gender_is_a_Galaxy_20225-200x200.jpg 200w, https:\/\/diversityroadmap.org\/wp-content\/uploads\/2022\/03\/Some_Posts_Gender_is_a_Galaxy_20225-800x800.jpg 800w, https:\/\/diversityroadmap.org\/wp-content\/uploads\/2022\/03\/Some_Posts_Gender_is_a_Galaxy_20225-1536x1536.jpg 1536w, https:\/\/diversityroadmap.org\/wp-content\/uploads\/2022\/03\/Some_Posts_Gender_is_a_Galaxy_20225-2048x2048.jpg 2048w\" sizes=\"(max-width: 1800px) 100vw, 1800px\" \/><\/figure>\n<\/figure>\n\n\n<div class=\"alignfull\">\n\n  <dl class=\"explanation\">\n\n    <dt class=\"explanation__titleWrapper\">\n      <h1 class=\"explanation__title\">I bagni binari discriminano <\/h1>\n\n          <\/dt>\n\n    <dd class=\"explanation__text\">\n      \n\n<p>Distinguendo tra maschio e femmina, i bagni binari perpetuano stereotipi e definiscono norme legate al corpo e al sesso (ad esempio usando determinate targhette o predisponendo gli spazi in un determinato modo). Le persone che si riconoscono in queste norme di genere non devono preoccuparsi di quale bagno pubblico usare. Questa scelta pu\u00f2 invece trasformarsi in grandi difficolt\u00e0 e nel peggiore dei casi in insulti, espulsioni e minacce per le persone che, a causa della loro identit\u00e0, della loro espressione di genere o delle loro caratteristiche fisiche sessuali non corrispondono a queste norme. I binari non offrono inoltre alcuna soluzione per le persone non-binarie e le persone senza categorizzazione.<\/p>\n\n\n    <\/dd>\n\n  <\/dl>\n<\/div>\n\n\n<p class=\"has-primary-color has-secondary-background-color has-text-color has-background has-link-color wp-elements-e3ddfd4e2db7417b2af070c39d26eb06\">I bagni neutri o inclusivi offrono l&#8217;accesso ai servizi igienici a tutte le persone, senza che sia necessario dichiarare l&#8217;appartenenza a un sesso. Invitano a riflettere sulle immagini associate ai sessi e sulla distinzione consolidata tra i sessi e a focalizzare l&#8217;attenzione su esigenze diverse.<\/p>\n\n\n<div class=\"alignfull\">\n\n  <dl class=\"explanation\">\n\n    <dt class=\"explanation__titleWrapper\">\n      <h1 class=\"explanation__title\">Libero accesso indipendentemente dal genere<\/h1>\n\n          <\/dt>\n\n    <dd class=\"explanation__text\">\n      \n\n<p>Le discussioni sui bagni neutri sollevano anche la questione della partecipazione di ogni persona alla vita sociale. Tale partecipazione non si limita alla categoria del genere, ma interessa ad esempio anche l&#8217;aspetto della disabilit\u00e0 o dell&#8217;et\u00e0 (bambini, persone anziane). L&#8217;accessibilit\u00e0 e la possibilit\u00e0 di accompagnare le persone al bagno devono assolutamente essere incluse in tali discussioni.<\/p>\n\n\n\n<hr class=\"wp-block-separator has-alpha-channel-opacity\"\/>\n\n\n\n<p>Sappiamo che l&#8217;identit\u00e0 di genere, l&#8217;espressione di genere e le caratteristiche fisiche sessuali non possono essere stabilite o attribuite in base all&#8217;apparenza. L&#8217;utenza deve poter scegliere liberamente quale bagno usare.<\/p>\n\n\n\n<hr class=\"wp-block-separator has-alpha-channel-opacity\"\/>\n\n\n\n<p>Comunichiamo chiaramente la nostra posizione che \u00e8 quella di garantire a tutte le persone l&#8217;accesso ai bagni e adottiamo misure mirate per sostenere il pubblico e il team in questo passaggio ai bagni neutri (ad esempio con un&#8217;insegna).<\/p>\n\n\n\n<hr class=\"wp-block-separator has-alpha-channel-opacity\"\/>\n\n\n\n<p>Non tolleriamo alcun tipo di discriminazione e di violenza. Fungiamo da interlocutrici per le persone interessate e mettiamo a loro disposizione dei canali di comunicazione appropriati. Abbiamo approntato un piano di sensibilizzazione. Se necessario, possiamo intervenire.<\/p>\n\n\n\n<hr class=\"wp-block-separator has-alpha-channel-opacity\"\/>\n\n\n\n<p>Sappiamo che i bagni sono usati anche come luogo di riparo o di ritiro. Adottando ulteriori misure nell&#8217;ambito della sensibilizzazione (creazione di uno spazio sicuro, assistenza sul posto) siamo in grado di soddisfare questa esigenza.<\/p>\n\n\n\n<hr class=\"wp-block-separator has-alpha-channel-opacity\"\/>\n\n\n\n<p>Per quanto riguarda la segnaletica, evitiamo di usare targhette con immagini stereotipate. Spesso basta indicare il numero di WC o di orinatoi o l&#8217;assenza di barriere architettoniche. Queste informazioni possono essere integrate con l&#8217;indicazione \u00abBagno neutro\u00bb o \u00abBagno inclusivo\u00bb (\u00abAll gender toilet\u00bb per chi preferisce la segnaletica in inglese).<\/p>\n\n\n\n<hr class=\"wp-block-separator has-alpha-channel-opacity\"\/>\n\n\n\n<p>Per renderli pi\u00f9 accessibili, dotiamo i bagni di maniglioni. Installando i lavandini e gli specchi ad altezze diverse, possiamo tenere conto di ulteriori esigenze. Una buona illuminazione e l&#8217;utilizzo di colori contrastanti per le armature e i maniglioni agevolano ulteriormente l&#8217;utilizzo dei bagni.<\/p>\n\n\n\n<hr class=\"wp-block-separator has-alpha-channel-opacity\"\/>\n\n\n\n<p>In ogni bagno mettiamo a disposizione articoli per l&#8217;igiene personale (ad esempio bende igieniche, tamponi, salviettine umide) e cestini igienici.<\/p>\n\n\n\n<hr class=\"wp-block-separator has-alpha-channel-opacity\"\/>\n\n\n\n<p>Provvediamo a che tutte le persone possano accedere ai fasciatoi.<\/p>\n\n\n\n<hr class=\"wp-block-separator has-alpha-channel-opacity\"\/>\n\n\n\n<p>Nel migliore dei casi mettiamo a disposizione diverse cabine wc accessibili a tutte le persone, spaziose, bene illuminate, dotate di lavandino e di ripiani per appoggiare gli oggetti personali.<\/p>\n\n\n\n<hr class=\"wp-block-separator has-alpha-channel-opacity\"\/>\n\n\n\n<p>Per quanto riguarda le nuove costruzioni, contattiamo persone esperte in materia e reti specializzate quali l&#8217;associazione Transgender Network Switzerland (TGNS) e il Servizio Cultura inclusiva.<\/p>\n\n\n    <\/dd>\n\n  <\/dl>\n<\/div>\n\n\n\n\n\n<div class=\"linkList white alignfull\" style=\"background-color: white\">\n\n  <h2 class=\"linkList__title\">Links<\/h2>\n\n  <ul class=\"linkList__list one\">\n          <li class=\"linkList__item\">\n        <a class=\"linkList__itemLink\" href=\"https:\/\/www.tgns.ch\/it\/\" target=\"_blank\">\n          <p class=\"linkList__itemName\">Transgender Network Switzerland<\/p>\n          <span class=\"linkList__itemUrl\"> <\/span>\n        <\/a>\n      <\/li>\n          <li class=\"linkList__item\">\n        <a class=\"linkList__itemLink\" href=\"https:\/\/www.kulturinklusiv.ch\/it\/tools\/manuali.html\" target=\"_blank\">\n          <p class=\"linkList__itemName\">Cultura inclusiva<\/p>\n          <span class=\"linkList__itemUrl\"> <\/span>\n        <\/a>\n      <\/li>\n    \n  <\/ul>\n\n<\/div>\n","protected":false},"excerpt":{"rendered":"<p>Sotto l&#8217;insegna \u00abGender is a Galaxy\u00bb Helvetiarockt vuole rendere visibile la diversit\u00e0 dei generi. La prima azione di \u00abGender is a Galaxy\u00bb \u00e8 stata realizzata nel quadro del Festival m4music 2022 e pi\u00f9 precisamente nei bagni pubblici dei locali Schiffbau ed Exil. Lo scopo \u00e8 sensibilizzare il pubblico sul tema della diversit\u00e0 di genere. E [&hellip;]<\/p>\n","protected":false},"author":5,"featured_media":0,"parent":0,"menu_order":0,"comment_status":"closed","ping_status":"closed","template":"","meta":{"_acf_changed":false,"footnotes":""},"class_list":["post-1420","page","type-page","status-publish","hentry"],"acf":[],"yoast_head":"<!-- This site is optimized with the Yoast SEO plugin v24.0 - https:\/\/yoast.com\/wordpress\/plugins\/seo\/ -->\n<title>Gender is a galaxy | Diversity Roadmap<\/title>\n<meta name=\"description\" content=\"\u00abGender is a Galaxy\u00bb by Helvetiarockt shows the diversity of genders. The first action of \u00abGender is a Galaxy\u00bb took place in the toilets of the Schiffbau and Exil venues in Zurich Switzerland as part of m4music 2022. The aim is to raise awareness about gender diversity for visitors. The toilet as a space that is visited daily is suitable as an example, because: Not all people can freely choose their toilets, not all feel safe in toilets, not all find the infrastructure they need.\" \/>\n<meta name=\"robots\" content=\"index, follow, max-snippet:-1, max-image-preview:large, max-video-preview:-1\" \/>\n<link rel=\"canonical\" href=\"https:\/\/diversityroadmap.org\/it\/genderisagalaxy\/\" \/>\n<meta property=\"og:locale\" content=\"it_IT\" \/>\n<meta property=\"og:type\" content=\"article\" \/>\n<meta property=\"og:title\" content=\"Gender Is A Galaxy #diversityroadmap\" \/>\n<meta property=\"og:description\" content=\"\u00abGender is a Galaxy\u00bb by Helvetiarockt shows the diversity of genders. The first action of \u00abGender is a Galaxy\u00bb took place in the toilets of the Schiffbau and Exil venues in Zurich Switzerland as part of m4music 2022. The aim is to raise awareness about gender diversity for visitors. The toilet as a space that is visited daily is suitable as an example, because: Not all people can freely choose their toilets, not all feel safe in toilets, not all find the infrastructure they need.\" \/>\n<meta property=\"og:url\" content=\"https:\/\/diversityroadmap.org\/it\/genderisagalaxy\/\" \/>\n<meta property=\"og:site_name\" content=\"Diversity Roadmap\" \/>\n<meta property=\"article:publisher\" content=\"https:\/\/www.facebook.com\/HELVETIAROCKT\" \/>\n<meta property=\"article:modified_time\" content=\"2026-02-23T11:01:37+00:00\" \/>\n<meta property=\"og:image\" content=\"https:\/\/diversityroadmap.org\/wp-content\/uploads\/2022\/03\/Instagram_Beitrag.jpg\" \/>\n\t<meta property=\"og:image:width\" content=\"1130\" \/>\n\t<meta property=\"og:image:height\" content=\"1696\" \/>\n\t<meta property=\"og:image:type\" content=\"image\/jpeg\" \/>\n<meta name=\"twitter:card\" content=\"summary_large_image\" \/>\n<meta name=\"twitter:title\" content=\"Gender Is A Galaxy #diversityroadmap\" \/>\n<meta name=\"twitter:image\" content=\"https:\/\/diversityroadmap.org\/wp-content\/uploads\/2022\/03\/Instagram_Beitrag.jpg\" \/>\n<meta name=\"twitter:label1\" content=\"Tempo di lettura stimato\" \/>\n\t<meta name=\"twitter:data1\" content=\"5 minuti\" \/>\n<script type=\"application\/ld+json\" class=\"yoast-schema-graph\">{\"@context\":\"https:\/\/schema.org\",\"@graph\":[{\"@type\":\"WebPage\",\"@id\":\"https:\/\/diversityroadmap.org\/it\/genderisagalaxy\/\",\"url\":\"https:\/\/diversityroadmap.org\/it\/genderisagalaxy\/\",\"name\":\"Gender is a galaxy | Diversity Roadmap\",\"isPartOf\":{\"@id\":\"https:\/\/diversityroadmap.org\/it\/#website\"},\"primaryImageOfPage\":{\"@id\":\"https:\/\/diversityroadmap.org\/it\/genderisagalaxy\/#primaryimage\"},\"image\":{\"@id\":\"https:\/\/diversityroadmap.org\/it\/genderisagalaxy\/#primaryimage\"},\"thumbnailUrl\":\"https:\/\/diversityroadmap.org\/wp-content\/uploads\/2022\/03\/Some_Posts_Gender_is_a_Galaxy_2022-1800x1800.jpg\",\"datePublished\":\"2022-03-22T12:23:10+00:00\",\"dateModified\":\"2026-02-23T11:01:37+00:00\",\"description\":\"\u00abGender is a Galaxy\u00bb by Helvetiarockt shows the diversity of genders. The first action of \u00abGender is a Galaxy\u00bb took place in the toilets of the Schiffbau and Exil venues in Zurich Switzerland as part of m4music 2022. The aim is to raise awareness about gender diversity for visitors. The toilet as a space that is visited daily is suitable as an example, because: Not all people can freely choose their toilets, not all feel safe in toilets, not all find the infrastructure they need.\",\"breadcrumb\":{\"@id\":\"https:\/\/diversityroadmap.org\/it\/genderisagalaxy\/#breadcrumb\"},\"inLanguage\":\"it-IT\",\"potentialAction\":[{\"@type\":\"ReadAction\",\"target\":[\"https:\/\/diversityroadmap.org\/it\/genderisagalaxy\/\"]}]},{\"@type\":\"ImageObject\",\"inLanguage\":\"it-IT\",\"@id\":\"https:\/\/diversityroadmap.org\/it\/genderisagalaxy\/#primaryimage\",\"url\":\"https:\/\/diversityroadmap.org\/wp-content\/uploads\/2022\/03\/Some_Posts_Gender_is_a_Galaxy_2022-1800x1800.jpg\",\"contentUrl\":\"https:\/\/diversityroadmap.org\/wp-content\/uploads\/2022\/03\/Some_Posts_Gender_is_a_Galaxy_2022-1800x1800.jpg\"},{\"@type\":\"BreadcrumbList\",\"@id\":\"https:\/\/diversityroadmap.org\/it\/genderisagalaxy\/#breadcrumb\",\"itemListElement\":[{\"@type\":\"ListItem\",\"position\":1,\"name\":\"Home\",\"item\":\"https:\/\/diversityroadmap.org\/it\/\"},{\"@type\":\"ListItem\",\"position\":2,\"name\":\"Gender is a galaxy\"}]},{\"@type\":\"WebSite\",\"@id\":\"https:\/\/diversityroadmap.org\/it\/#website\",\"url\":\"https:\/\/diversityroadmap.org\/it\/\",\"name\":\"Diversity Roadmap\",\"description\":\"\",\"publisher\":{\"@id\":\"https:\/\/diversityroadmap.org\/it\/#organization\"},\"potentialAction\":[{\"@type\":\"SearchAction\",\"target\":{\"@type\":\"EntryPoint\",\"urlTemplate\":\"https:\/\/diversityroadmap.org\/it\/?s={search_term_string}\"},\"query-input\":{\"@type\":\"PropertyValueSpecification\",\"valueRequired\":true,\"valueName\":\"search_term_string\"}}],\"inLanguage\":\"it-IT\"},{\"@type\":\"Organization\",\"@id\":\"https:\/\/diversityroadmap.org\/it\/#organization\",\"name\":\"Helvetiarockt\",\"url\":\"https:\/\/diversityroadmap.org\/it\/\",\"logo\":{\"@type\":\"ImageObject\",\"inLanguage\":\"it-IT\",\"@id\":\"https:\/\/diversityroadmap.org\/it\/#\/schema\/logo\/image\/\",\"url\":\"https:\/\/diversityroadmap.org\/wp-content\/uploads\/2020\/04\/HR_Logo_pos.jpg\",\"contentUrl\":\"https:\/\/diversityroadmap.org\/wp-content\/uploads\/2020\/04\/HR_Logo_pos.jpg\",\"width\":591,\"height\":334,\"caption\":\"Helvetiarockt\"},\"image\":{\"@id\":\"https:\/\/diversityroadmap.org\/it\/#\/schema\/logo\/image\/\"},\"sameAs\":[\"https:\/\/www.facebook.com\/HELVETIAROCKT\",\"https:\/\/www.instagram.com\/HELVETIAROCKT\",\"https:\/\/www.youtube.com\/HELVETIAROCKT\"]}]}<\/script>\n<!-- \/ Yoast SEO plugin. -->","yoast_head_json":{"title":"Gender is a galaxy | Diversity Roadmap","description":"\u00abGender is a Galaxy\u00bb by Helvetiarockt shows the diversity of genders. The first action of \u00abGender is a Galaxy\u00bb took place in the toilets of the Schiffbau and Exil venues in Zurich Switzerland as part of m4music 2022. The aim is to raise awareness about gender diversity for visitors. The toilet as a space that is visited daily is suitable as an example, because: Not all people can freely choose their toilets, not all feel safe in toilets, not all find the infrastructure they need.","robots":{"index":"index","follow":"follow","max-snippet":"max-snippet:-1","max-image-preview":"max-image-preview:large","max-video-preview":"max-video-preview:-1"},"canonical":"https:\/\/diversityroadmap.org\/it\/genderisagalaxy\/","og_locale":"it_IT","og_type":"article","og_title":"Gender Is A Galaxy #diversityroadmap","og_description":"\u00abGender is a Galaxy\u00bb by Helvetiarockt shows the diversity of genders. The first action of \u00abGender is a Galaxy\u00bb took place in the toilets of the Schiffbau and Exil venues in Zurich Switzerland as part of m4music 2022. The aim is to raise awareness about gender diversity for visitors. The toilet as a space that is visited daily is suitable as an example, because: Not all people can freely choose their toilets, not all feel safe in toilets, not all find the infrastructure they need.","og_url":"https:\/\/diversityroadmap.org\/it\/genderisagalaxy\/","og_site_name":"Diversity Roadmap","article_publisher":"https:\/\/www.facebook.com\/HELVETIAROCKT","article_modified_time":"2026-02-23T11:01:37+00:00","og_image":[{"width":1130,"height":1696,"url":"https:\/\/diversityroadmap.org\/wp-content\/uploads\/2022\/03\/Instagram_Beitrag.jpg","type":"image\/jpeg"}],"twitter_card":"summary_large_image","twitter_title":"Gender Is A Galaxy #diversityroadmap","twitter_image":"https:\/\/diversityroadmap.org\/wp-content\/uploads\/2022\/03\/Instagram_Beitrag.jpg","twitter_misc":{"Tempo di lettura stimato":"5 minuti"},"schema":{"@context":"https:\/\/schema.org","@graph":[{"@type":"WebPage","@id":"https:\/\/diversityroadmap.org\/it\/genderisagalaxy\/","url":"https:\/\/diversityroadmap.org\/it\/genderisagalaxy\/","name":"Gender is a galaxy | Diversity Roadmap","isPartOf":{"@id":"https:\/\/diversityroadmap.org\/it\/#website"},"primaryImageOfPage":{"@id":"https:\/\/diversityroadmap.org\/it\/genderisagalaxy\/#primaryimage"},"image":{"@id":"https:\/\/diversityroadmap.org\/it\/genderisagalaxy\/#primaryimage"},"thumbnailUrl":"https:\/\/diversityroadmap.org\/wp-content\/uploads\/2022\/03\/Some_Posts_Gender_is_a_Galaxy_2022-1800x1800.jpg","datePublished":"2022-03-22T12:23:10+00:00","dateModified":"2026-02-23T11:01:37+00:00","description":"\u00abGender is a Galaxy\u00bb by Helvetiarockt shows the diversity of genders. The first action of \u00abGender is a Galaxy\u00bb took place in the toilets of the Schiffbau and Exil venues in Zurich Switzerland as part of m4music 2022. The aim is to raise awareness about gender diversity for visitors. The toilet as a space that is visited daily is suitable as an example, because: Not all people can freely choose their toilets, not all feel safe in toilets, not all find the infrastructure they need.","breadcrumb":{"@id":"https:\/\/diversityroadmap.org\/it\/genderisagalaxy\/#breadcrumb"},"inLanguage":"it-IT","potentialAction":[{"@type":"ReadAction","target":["https:\/\/diversityroadmap.org\/it\/genderisagalaxy\/"]}]},{"@type":"ImageObject","inLanguage":"it-IT","@id":"https:\/\/diversityroadmap.org\/it\/genderisagalaxy\/#primaryimage","url":"https:\/\/diversityroadmap.org\/wp-content\/uploads\/2022\/03\/Some_Posts_Gender_is_a_Galaxy_2022-1800x1800.jpg","contentUrl":"https:\/\/diversityroadmap.org\/wp-content\/uploads\/2022\/03\/Some_Posts_Gender_is_a_Galaxy_2022-1800x1800.jpg"},{"@type":"BreadcrumbList","@id":"https:\/\/diversityroadmap.org\/it\/genderisagalaxy\/#breadcrumb","itemListElement":[{"@type":"ListItem","position":1,"name":"Home","item":"https:\/\/diversityroadmap.org\/it\/"},{"@type":"ListItem","position":2,"name":"Gender is a galaxy"}]},{"@type":"WebSite","@id":"https:\/\/diversityroadmap.org\/it\/#website","url":"https:\/\/diversityroadmap.org\/it\/","name":"Diversity Roadmap","description":"","publisher":{"@id":"https:\/\/diversityroadmap.org\/it\/#organization"},"potentialAction":[{"@type":"SearchAction","target":{"@type":"EntryPoint","urlTemplate":"https:\/\/diversityroadmap.org\/it\/?s={search_term_string}"},"query-input":{"@type":"PropertyValueSpecification","valueRequired":true,"valueName":"search_term_string"}}],"inLanguage":"it-IT"},{"@type":"Organization","@id":"https:\/\/diversityroadmap.org\/it\/#organization","name":"Helvetiarockt","url":"https:\/\/diversityroadmap.org\/it\/","logo":{"@type":"ImageObject","inLanguage":"it-IT","@id":"https:\/\/diversityroadmap.org\/it\/#\/schema\/logo\/image\/","url":"https:\/\/diversityroadmap.org\/wp-content\/uploads\/2020\/04\/HR_Logo_pos.jpg","contentUrl":"https:\/\/diversityroadmap.org\/wp-content\/uploads\/2020\/04\/HR_Logo_pos.jpg","width":591,"height":334,"caption":"Helvetiarockt"},"image":{"@id":"https:\/\/diversityroadmap.org\/it\/#\/schema\/logo\/image\/"},"sameAs":["https:\/\/www.facebook.com\/HELVETIAROCKT","https:\/\/www.instagram.com\/HELVETIAROCKT","https:\/\/www.youtube.com\/HELVETIAROCKT"]}]}},"distributor_meta":false,"distributor_terms":false,"distributor_media":false,"distributor_original_site_name":"Diversity Roadmap","distributor_original_site_url":"https:\/\/diversityroadmap.org\/it\/","push-errors":false,"_links":{"self":[{"href":"https:\/\/diversityroadmap.org\/it\/wp-json\/wp\/v2\/pages\/1420","targetHints":{"allow":["GET"]}}],"collection":[{"href":"https:\/\/diversityroadmap.org\/it\/wp-json\/wp\/v2\/pages"}],"about":[{"href":"https:\/\/diversityroadmap.org\/it\/wp-json\/wp\/v2\/types\/page"}],"author":[{"embeddable":true,"href":"https:\/\/diversityroadmap.org\/it\/wp-json\/wp\/v2\/users\/5"}],"replies":[{"embeddable":true,"href":"https:\/\/diversityroadmap.org\/it\/wp-json\/wp\/v2\/comments?post=1420"}],"version-history":[{"count":9,"href":"https:\/\/diversityroadmap.org\/it\/wp-json\/wp\/v2\/pages\/1420\/revisions"}],"predecessor-version":[{"id":3134,"href":"https:\/\/diversityroadmap.org\/it\/wp-json\/wp\/v2\/pages\/1420\/revisions\/3134"}],"wp:attachment":[{"href":"https:\/\/diversityroadmap.org\/it\/wp-json\/wp\/v2\/media?parent=1420"}],"curies":[{"name":"wp","href":"https:\/\/api.w.org\/{rel}","templated":true}]}}