{"id":1068,"date":"2021-09-10T13:08:49","date_gmt":"2021-09-10T13:08:49","guid":{"rendered":"https:\/\/diversityroadmap.org\/?page_id=1068"},"modified":"2024-10-10T12:06:57","modified_gmt":"2024-10-10T12:06:57","slug":"definizioni","status":"publish","type":"page","link":"https:\/\/diversityroadmap.org\/it\/definizioni\/","title":{"rendered":"DEFINIZIONI"},"content":{"rendered":"\n<p>I concetti e le definizioni sono in continuo cambiamento. Hai dei suggerimenti da farci in proposito? Contattaci: <strong>hello@diversityroadmap.org<\/strong><\/p>\n\n\n\n<div style=\"height:50px\" aria-hidden=\"true\" class=\"wp-block-spacer\"><\/div>\n\n\n<div class=\"alignfull\">\n\n  <dl class=\"explanation\">\n\n    <dt class=\"explanation__titleWrapper\">\n      <h1 class=\"explanation__title\">Diversit\u00e0\/diversity<\/h1>\n\n          <\/dt>\n\n    <dd class=\"explanation__text\">\n      \n\n<p>Il termine inglese diversity indica l\u2019adozione di un approccio valorizzante e consapevole della molteplicit\u00e0 sociale ad esempio negli istituti d\u2019istruzione, nelle aziende, nelle amministrazioni e nelle organizzazioni della societ\u00e0 civile.<\/p>\n\n\n    <\/dd>\n\n  <\/dl>\n<\/div>\n\n<div class=\"alignfull\">\n\n  <dl class=\"explanation\">\n\n    <dt class=\"explanation__titleWrapper\">\n      <h1 class=\"explanation__title\">Inclusione<\/h1>\n\n          <\/dt>\n\n    <dd class=\"explanation__text\">\n      \n\n<p>Per inclusione s\u2019intende spesso una visione sociale in cui tutte le persone nella loro diversit\u00e0 hanno illimitate possibilit\u00e0 di partecipare a tutti i livelli della societ\u00e0 e svolgervi un ruolo.<\/p>\n\n\n    <\/dd>\n\n  <\/dl>\n<\/div>\n\n<div class=\"alignfull\">\n\n  <dl class=\"explanation\">\n\n    <dt class=\"explanation__titleWrapper\">\n      <h1 class=\"explanation__title\">Accessibilit\u00e0<\/h1>\n\n          <\/dt>\n\n    <dd class=\"explanation__text\">\n      \n\n<p>L\u2019accessibilit\u00e0 mira a garantire a tutte le persone l\u2019accesso a ogni luogo per poter fruire dei servizi offerti. Essa permette a tutte le persone di condurre una vita autonoma e autodeterminata. L\u2019accessibilit\u00e0 non si limita all\u2019adozione di provvedimenti infrastrutturali, ma implica anche l\u2019adeguamento del linguaggio.<\/p>\n\n\n    <\/dd>\n\n  <\/dl>\n<\/div>\n\n<div class=\"alignfull\">\n\n  <dl class=\"explanation\">\n\n    <dt class=\"explanation__titleWrapper\">\n      <h1 class=\"explanation__title\">Discriminazione<\/h1>\n\n          <\/dt>\n\n    <dd class=\"explanation__text\">\n      \n\n<p>Per discriminazione s\u2019intende ogni forma di emarginazione, violenza o sfruttamento di persone in base alle caratteristiche del gruppo cui appartengono quali l\u2019et\u00e0, l\u2019orientamento sessuale, il sesso, l\u2019origine, la religione, lo stile di vita itinerante o la disabilit\u00e0. La discriminazione si basa su sistemi strutturati di disuguaglianza profondamente radicati nella societ\u00e0.<\/p>\n\n\n    <\/dd>\n\n  <\/dl>\n<\/div>\n\n<div class=\"alignfull\">\n\n  <dl class=\"explanation\">\n\n    <dt class=\"explanation__titleWrapper\">\n      <h1 class=\"explanation__title\">Sessismo<\/h1>\n\n          <\/dt>\n\n    <dd class=\"explanation__text\">\n      \n\n<p>Il sessismo descrive ogni forma di discriminazione, violenza e sfruttamento basata sul sesso. Il sessismo si fonda su una concezione gerarchica dei sessi e impone a una persona o a un gruppo di persone modelli di comportamento in base all\u2019appartenenza all\u2019uno o all\u2019altro sesso (biologico), genere (sesso sociale) od orientamento sessuale.<\/p>\n\n\n    <\/dd>\n\n  <\/dl>\n<\/div>\n\n<div class=\"alignfull\">\n\n  <dl class=\"explanation\">\n\n    <dt class=\"explanation__titleWrapper\">\n      <h1 class=\"explanation__title\">Razzismo <\/h1>\n\n          <\/dt>\n\n    <dd class=\"explanation__text\">\n      \n\n<p>Il razzismo descrive qualsiasi forma di discriminazione, violenza o struttura che discrimina le persone in base alla loro origine effettiva o attribuita, al colore della pelle, alla religione o alla lingua.<\/p>\n\n\n    <\/dd>\n\n  <\/dl>\n<\/div>\n\n<div class=\"alignfull\">\n\n  <dl class=\"explanation\">\n\n    <dt class=\"explanation__titleWrapper\">\n      <h1 class=\"explanation__title\">Sesso\/genere<\/h1>\n\n          <\/dt>\n\n    <dd class=\"explanation__text\">\n      \n\n<p>La distinzione tra sesso (sesso biologico) e genere (sesso sociale, gender) \u00e8 riconducibile alla lingua inglese. Le persone nascono in corpi diversi (sesso biologico), la loro identit\u00e0 di genere, tuttavia, non \u00e8 definita a livello biologico, ma sociale. Il genere rispecchia anche ruoli e tradizioni culturali perpetuati da convenzioni sociali. Lo spettro genere\/sesso \u00e8 molto variegato e, oltre alle categorie \u00abuomo\u00bb e \u00abdonna\u00bb, comprende ad esempio l\u2019intersessualit\u00e0 e la non-binariet\u00e0.<\/p>\n\n\n    <\/dd>\n\n  <\/dl>\n<\/div>\n\n<div class=\"alignfull\">\n\n  <dl class=\"explanation\">\n\n    <dt class=\"explanation__titleWrapper\">\n      <h1 class=\"explanation__title\">LGBTQIA+<\/h1>\n\n          <\/dt>\n\n    <dd class=\"explanation__text\">\n      \n\n<p>Acronimo di origine anglosassone utilizzato per indicare le persone lesbiche, gay, bisessuali, transgender, queer, intersessuali e asessuali. L\u2019abbreviazione si riferisce a persone con orientamenti sessuali e\/o romantici diversi che non condividono l\u2019ideologia eteronormativa e non si riconoscono nella divisione binaria dei generi. Il + indica tutte quelle forme di sessualit\u00e0 e identit\u00e0 di genere che non rientrano nelle lettere dell&#8217;acronimo.<\/p>\n\n\n    <\/dd>\n\n  <\/dl>\n<\/div>\n\n<div class=\"alignfull\">\n\n  <dl class=\"explanation\">\n\n    <dt class=\"explanation__titleWrapper\">\n      <h1 class=\"explanation__title\">PEOPLE OF COLOR<\/h1>\n\n          <\/dt>\n\n    <dd class=\"explanation__text\">\n      \n\n<p>People of Color (PoC) \u00e8 un\u2019espressione che proviene dagli USA. Con il movimento americano dei diritti civili l\u2019espressione ha iniziato a essere usata per indicare le persone \u00abnon bianche\u00bb (\u00abnot white\u00bb). Proviene da un contesto accademico ed \u00e8 di matrice sociologica. Rappresenta uno strumento importante per tematizzare il razzismo e da alcuni anni si \u00e8 diffuso anche in Europa. Va tuttavia notato che la xenofobia e il razzismo violenti che vivono o hanno vissuto le persone in Svizzera non sono legati solo a caratteristiche fisiche (si pensi ad es. alle persone provenienti dai Balcani, ai rom, agli ebrei, ai musulmani o alle persone appartenenti ad altre religioni, agli stranieri naturalizzati della seconda generazione, alle persone con limitate conoscenze delle lingue nazionali ecc.).<\/p>\n\n\n    <\/dd>\n\n  <\/dl>\n<\/div>\n\n<div class=\"alignfull\">\n\n  <dl class=\"explanation\">\n\n    <dt class=\"explanation__titleWrapper\">\n      <h1 class=\"explanation__title\">trans &#038; cis<\/h1>\n\n          <\/dt>\n\n    <dd class=\"explanation__text\">\n      \n\n<p>Per persone trans (dal latino: al di l\u00e0, attraverso) s\u2019intendono le persone il cui genere non corrisponde o non corrisponde interamente al sesso basato su caratteristiche fisiche assegnato alla nascita. L\u2019asterisco alla fine della parola trans indica l\u2019esistenza di diverse forme di esperienze e realt\u00e0. I termini transgender o transidentit\u00e0 sono usati come sinonimi. In questo contesto, il termine \u00abtransessualit\u00e0\u00bb \u00e8 fuorviante, visto che l\u2019identit\u00e0 di genere non ha nulla a che fare con la sessualit\u00e0. Per persone cis (dal latino: al di qua) invece, s\u2019intendono le persone il cui genere corrisponde al sesso biologico.<\/p>\n\n\n    <\/dd>\n\n  <\/dl>\n<\/div>\n\n<div class=\"alignfull\">\n\n  <dl class=\"explanation\">\n\n    <dt class=\"explanation__titleWrapper\">\n      <h1 class=\"explanation__title\">inter<\/h1>\n\n          <\/dt>\n\n    <dd class=\"explanation__text\">\n      \n\n<p>Le persone intersessuali o inter sono nate con caratteri sessuali che non rientrano nelle tipiche nozioni binarie del corpo maschile o femminile. L\u2019intersessualit\u00e0 comprende diverse variazioni fisiche: una persona con cromosomi maschili pu\u00f2 avere le sembianze di una donna e viceversa.<\/p>\n\n\n    <\/dd>\n\n  <\/dl>\n<\/div>\n\n<div class=\"alignfull\">\n\n  <dl class=\"explanation\">\n\n    <dt class=\"explanation__titleWrapper\">\n      <h1 class=\"explanation__title\">Queer<\/h1>\n\n          <\/dt>\n\n    <dd class=\"explanation__text\">\n      \n\n<p>Queer \u00e8 un anglicismo connesso con il termne tedesco \u00abquer\u00bb che significa di traverso, diagonalmente, e indica persone che \u00abstanno di traverso\u00bb all\u2019eteronormativit\u00e0 e al sistema di distinzione binaria dei sessi. \u00c8 un termine ombrello per persone lesbiche, omosessuali, trans, non binarie, intersessuali e\/o asessuali che rivendica il diritto di mettere in discussione e \u00abostacolare\u00bb l\u2019eteronormativit\u00e0 e il binarismo di genere a livello politico e teorico.<\/p>\n\n\n    <\/dd>\n\n  <\/dl>\n<\/div>","protected":false},"excerpt":{"rendered":"<p>I concetti e le definizioni sono in continuo cambiamento. Hai dei suggerimenti da farci in proposito? Contattaci: hello@diversityroadmap.org<\/p>\n","protected":false},"author":2,"featured_media":0,"parent":0,"menu_order":0,"comment_status":"closed","ping_status":"closed","template":"","meta":{"_acf_changed":false,"footnotes":""},"class_list":["post-1068","page","type-page","status-publish","hentry"],"acf":[],"yoast_head":"<!-- This site is optimized with the Yoast SEO plugin v24.0 - https:\/\/yoast.com\/wordpress\/plugins\/seo\/ -->\n<title>DEFINIZIONI | Diversity Roadmap<\/title>\n<meta name=\"robots\" content=\"index, follow, max-snippet:-1, max-image-preview:large, max-video-preview:-1\" \/>\n<link rel=\"canonical\" href=\"https:\/\/diversityroadmap.org\/it\/definizioni\/\" \/>\n<meta property=\"og:locale\" content=\"it_IT\" \/>\n<meta property=\"og:type\" content=\"article\" \/>\n<meta property=\"og:title\" content=\"DEFINIZIONI | Diversity Roadmap\" \/>\n<meta property=\"og:description\" content=\"I concetti e le definizioni sono in continuo cambiamento. Hai dei suggerimenti da farci in proposito? Contattaci: hello@diversityroadmap.org\" \/>\n<meta property=\"og:url\" content=\"https:\/\/diversityroadmap.org\/it\/definizioni\/\" \/>\n<meta property=\"og:site_name\" content=\"Diversity Roadmap\" \/>\n<meta property=\"article:publisher\" content=\"https:\/\/www.facebook.com\/HELVETIAROCKT\" \/>\n<meta property=\"article:modified_time\" content=\"2024-10-10T12:06:57+00:00\" \/>\n<meta name=\"twitter:card\" content=\"summary_large_image\" \/>\n<meta name=\"twitter:label1\" content=\"Tempo di lettura stimato\" \/>\n\t<meta name=\"twitter:data1\" content=\"4 minuti\" \/>\n<script type=\"application\/ld+json\" class=\"yoast-schema-graph\">{\"@context\":\"https:\/\/schema.org\",\"@graph\":[{\"@type\":\"WebPage\",\"@id\":\"https:\/\/diversityroadmap.org\/it\/definizioni\/\",\"url\":\"https:\/\/diversityroadmap.org\/it\/definizioni\/\",\"name\":\"DEFINIZIONI | Diversity Roadmap\",\"isPartOf\":{\"@id\":\"https:\/\/diversityroadmap.org\/it\/#website\"},\"datePublished\":\"2021-09-10T13:08:49+00:00\",\"dateModified\":\"2024-10-10T12:06:57+00:00\",\"breadcrumb\":{\"@id\":\"https:\/\/diversityroadmap.org\/it\/definizioni\/#breadcrumb\"},\"inLanguage\":\"it-IT\",\"potentialAction\":[{\"@type\":\"ReadAction\",\"target\":[\"https:\/\/diversityroadmap.org\/it\/definizioni\/\"]}]},{\"@type\":\"BreadcrumbList\",\"@id\":\"https:\/\/diversityroadmap.org\/it\/definizioni\/#breadcrumb\",\"itemListElement\":[{\"@type\":\"ListItem\",\"position\":1,\"name\":\"Home\",\"item\":\"https:\/\/diversityroadmap.org\/it\/\"},{\"@type\":\"ListItem\",\"position\":2,\"name\":\"DEFINIZIONI\"}]},{\"@type\":\"WebSite\",\"@id\":\"https:\/\/diversityroadmap.org\/it\/#website\",\"url\":\"https:\/\/diversityroadmap.org\/it\/\",\"name\":\"Diversity Roadmap\",\"description\":\"\",\"publisher\":{\"@id\":\"https:\/\/diversityroadmap.org\/it\/#organization\"},\"potentialAction\":[{\"@type\":\"SearchAction\",\"target\":{\"@type\":\"EntryPoint\",\"urlTemplate\":\"https:\/\/diversityroadmap.org\/it\/?s={search_term_string}\"},\"query-input\":{\"@type\":\"PropertyValueSpecification\",\"valueRequired\":true,\"valueName\":\"search_term_string\"}}],\"inLanguage\":\"it-IT\"},{\"@type\":\"Organization\",\"@id\":\"https:\/\/diversityroadmap.org\/it\/#organization\",\"name\":\"Helvetiarockt\",\"url\":\"https:\/\/diversityroadmap.org\/it\/\",\"logo\":{\"@type\":\"ImageObject\",\"inLanguage\":\"it-IT\",\"@id\":\"https:\/\/diversityroadmap.org\/it\/#\/schema\/logo\/image\/\",\"url\":\"https:\/\/diversityroadmap.org\/wp-content\/uploads\/2020\/04\/HR_Logo_pos.jpg\",\"contentUrl\":\"https:\/\/diversityroadmap.org\/wp-content\/uploads\/2020\/04\/HR_Logo_pos.jpg\",\"width\":591,\"height\":334,\"caption\":\"Helvetiarockt\"},\"image\":{\"@id\":\"https:\/\/diversityroadmap.org\/it\/#\/schema\/logo\/image\/\"},\"sameAs\":[\"https:\/\/www.facebook.com\/HELVETIAROCKT\",\"https:\/\/www.instagram.com\/HELVETIAROCKT\",\"https:\/\/www.youtube.com\/HELVETIAROCKT\"]}]}<\/script>\n<!-- \/ Yoast SEO plugin. -->","yoast_head_json":{"title":"DEFINIZIONI | Diversity Roadmap","robots":{"index":"index","follow":"follow","max-snippet":"max-snippet:-1","max-image-preview":"max-image-preview:large","max-video-preview":"max-video-preview:-1"},"canonical":"https:\/\/diversityroadmap.org\/it\/definizioni\/","og_locale":"it_IT","og_type":"article","og_title":"DEFINIZIONI | Diversity Roadmap","og_description":"I concetti e le definizioni sono in continuo cambiamento. Hai dei suggerimenti da farci in proposito? Contattaci: hello@diversityroadmap.org","og_url":"https:\/\/diversityroadmap.org\/it\/definizioni\/","og_site_name":"Diversity Roadmap","article_publisher":"https:\/\/www.facebook.com\/HELVETIAROCKT","article_modified_time":"2024-10-10T12:06:57+00:00","twitter_card":"summary_large_image","twitter_misc":{"Tempo di lettura stimato":"4 minuti"},"schema":{"@context":"https:\/\/schema.org","@graph":[{"@type":"WebPage","@id":"https:\/\/diversityroadmap.org\/it\/definizioni\/","url":"https:\/\/diversityroadmap.org\/it\/definizioni\/","name":"DEFINIZIONI | Diversity Roadmap","isPartOf":{"@id":"https:\/\/diversityroadmap.org\/it\/#website"},"datePublished":"2021-09-10T13:08:49+00:00","dateModified":"2024-10-10T12:06:57+00:00","breadcrumb":{"@id":"https:\/\/diversityroadmap.org\/it\/definizioni\/#breadcrumb"},"inLanguage":"it-IT","potentialAction":[{"@type":"ReadAction","target":["https:\/\/diversityroadmap.org\/it\/definizioni\/"]}]},{"@type":"BreadcrumbList","@id":"https:\/\/diversityroadmap.org\/it\/definizioni\/#breadcrumb","itemListElement":[{"@type":"ListItem","position":1,"name":"Home","item":"https:\/\/diversityroadmap.org\/it\/"},{"@type":"ListItem","position":2,"name":"DEFINIZIONI"}]},{"@type":"WebSite","@id":"https:\/\/diversityroadmap.org\/it\/#website","url":"https:\/\/diversityroadmap.org\/it\/","name":"Diversity Roadmap","description":"","publisher":{"@id":"https:\/\/diversityroadmap.org\/it\/#organization"},"potentialAction":[{"@type":"SearchAction","target":{"@type":"EntryPoint","urlTemplate":"https:\/\/diversityroadmap.org\/it\/?s={search_term_string}"},"query-input":{"@type":"PropertyValueSpecification","valueRequired":true,"valueName":"search_term_string"}}],"inLanguage":"it-IT"},{"@type":"Organization","@id":"https:\/\/diversityroadmap.org\/it\/#organization","name":"Helvetiarockt","url":"https:\/\/diversityroadmap.org\/it\/","logo":{"@type":"ImageObject","inLanguage":"it-IT","@id":"https:\/\/diversityroadmap.org\/it\/#\/schema\/logo\/image\/","url":"https:\/\/diversityroadmap.org\/wp-content\/uploads\/2020\/04\/HR_Logo_pos.jpg","contentUrl":"https:\/\/diversityroadmap.org\/wp-content\/uploads\/2020\/04\/HR_Logo_pos.jpg","width":591,"height":334,"caption":"Helvetiarockt"},"image":{"@id":"https:\/\/diversityroadmap.org\/it\/#\/schema\/logo\/image\/"},"sameAs":["https:\/\/www.facebook.com\/HELVETIAROCKT","https:\/\/www.instagram.com\/HELVETIAROCKT","https:\/\/www.youtube.com\/HELVETIAROCKT"]}]}},"distributor_meta":false,"distributor_terms":false,"distributor_media":false,"distributor_original_site_name":"Diversity Roadmap","distributor_original_site_url":"https:\/\/diversityroadmap.org\/it\/","push-errors":false,"_links":{"self":[{"href":"https:\/\/diversityroadmap.org\/it\/wp-json\/wp\/v2\/pages\/1068","targetHints":{"allow":["GET"]}}],"collection":[{"href":"https:\/\/diversityroadmap.org\/it\/wp-json\/wp\/v2\/pages"}],"about":[{"href":"https:\/\/diversityroadmap.org\/it\/wp-json\/wp\/v2\/types\/page"}],"author":[{"embeddable":true,"href":"https:\/\/diversityroadmap.org\/it\/wp-json\/wp\/v2\/users\/2"}],"replies":[{"embeddable":true,"href":"https:\/\/diversityroadmap.org\/it\/wp-json\/wp\/v2\/comments?post=1068"}],"version-history":[{"count":3,"href":"https:\/\/diversityroadmap.org\/it\/wp-json\/wp\/v2\/pages\/1068\/revisions"}],"predecessor-version":[{"id":2717,"href":"https:\/\/diversityroadmap.org\/it\/wp-json\/wp\/v2\/pages\/1068\/revisions\/2717"}],"wp:attachment":[{"href":"https:\/\/diversityroadmap.org\/it\/wp-json\/wp\/v2\/media?parent=1068"}],"curies":[{"name":"wp","href":"https:\/\/api.w.org\/{rel}","templated":true}]}}