{"id":2535,"date":"2024-07-01T10:25:21","date_gmt":"2024-07-01T10:25:21","guid":{"rendered":"https:\/\/diversityroadmap.org\/agenda\/"},"modified":"2025-08-22T09:31:23","modified_gmt":"2025-08-22T09:31:23","slug":"agenda","status":"publish","type":"page","link":"https:\/\/diversityroadmap.org\/fr\/agenda\/","title":{"rendered":"Agenda"},"content":{"rendered":"<div class=\"events\">\n\n  \n      <p>Salut, nous sommes ravi\u00b7e\u00b7x\u00b7s de te voir ici ! Nos \u00e9v\u00e9nements sont actuellement en pr\u00e9paration et seront bient\u00f4t disponibles. N\u2019h\u00e9site pas \u00e0 revenir bient\u00f4t !<\/p>  \n  \n<\/div>\n\n\n\n<p class=\"has-default-font-size\">Pour rester inform\u00e9\u00b7e\u00b7x, suis-nous sur Instagram <a href=\"https:\/\/www.instagram.com\/helvetiarockt\/\" target=\"_blank\" rel=\"noreferrer noopener\">@\u200chelvetiarockt.<\/a> Tu trouveras d\u2019autres \u00e9v\u00e9nements passionnants de Helvetiarockt <a href=\"https:\/\/helvetiarockt.ch\/fr\/agenda\/\" target=\"_blank\" rel=\"noreferrer noopener\">ici.<\/a><\/p>\n\n\n\n<div style=\"height:40px\" aria-hidden=\"true\" class=\"wp-block-spacer\"><\/div>\n\n\n  \n\n    <div class=\"event__container alignfull\">\n\n      <article class=\"event event__past\">\n        \n\n        \n        <button class=\"event__button\" aria-expanded=\"false\" aria-controls=\"3130\">\n          <div class=\"event__date\">\n                          <span>20.03.2026<\/span>\n                      <\/div>\n\n          <div class=\"event__header\">\n                          <p class=\"event__type\">Diversity Roadmap \u2022 On Tour \u2022 Referat\/Podium<\/p>\n            \n            <h1 class=\"event__title\">Is it already working or are we still hoping?<\/h1>\n\n                          <h2 class=\"event__description\">Implementing awareness measures against sexualised violence is one thing. Whether they actually have an impact is another.<\/h2>\n                      <\/div>\n\n          <span class=\"event__icon event__icon--plus\"><svg xmlns=\"http:\/\/www.w3.org\/2000\/svg\" viewBox=\"0 0 509 509\">\n  <g fill=\"none\" fill-rule=\"evenodd\">\n    <path fill=\"#000\" fill-rule=\"nonzero\" d=\"m228.429 369.85-.03-89.436h-89.407v-51.985h89.407l.03-89.437h51.984l.001 89.406 89.436.032v51.983l-89.436.031v89.406z\"\/>\n    <circle stroke=\"#000\" stroke-width=\"43\" cx=\"254.5\" cy=\"254.5\" r=\"233\"\/>\n  <\/g>\n<\/svg>\n<\/span>\n          <span class=\"event__icon event__icon--minus\"><svg xmlns=\"http:\/\/www.w3.org\/2000\/svg\" viewBox=\"0 0 509 509\">\n  <g fill=\"none\" fill-rule=\"evenodd\">\n    <path fill=\"#000\" d=\"M138 229h232v51H138z\"\/>\n    <circle stroke=\"#000\" stroke-width=\"43\" cx=\"254.5\" cy=\"254.5\" r=\"233\"\/>\n  <\/g>\n<\/svg><\/span>\n        <\/button>\n\n\n       <div class=\"event__content\" id=\"3130\">\n\n        <!-- wysiwyg -->\n                  <div class=\"event__contentText\"><p>This session invites organisations to reflect on their current approaches and to further develop effective awareness work.<\/p>\n<p>The keynote explores why evaluation is the foundation of sustainable structures, where concrete action can be taken, and which guiding questions are essential. Participants will also gain insights into practical approaches and tools, including a newly developed chatbot.<\/p>\n<p><span data-teams=\"true\">The session takes place as part of <strong>m4music<\/strong>, is <strong>free of charge<\/strong>, and will be held in English.<\/span><\/p>\n<p>Presented by Helvetiarockt &amp; <a href=\"https:\/\/www.petzi.ch\/en\/\" target=\"_blank\" rel=\"noopener\">PETZI<\/a>.<\/p>\n<\/div>\n        \n        <!-- locaction and google maps -->\n                  <p class=\"event__information\">\n\n            Location: \n\n            <a href=\"https:\/\/www.m4music.ch\/events\/de\/2026\/m4music-festival\/conference\/wirkt-das-schon-oder-hoffen-wir-noch\/\" target=\"_blank\">              <span>m4music<\/span>\n            <\/a>\n                      <\/p>\n        \n                  <p class=\"event__information\">Time:  16:00<\/p>\n        \n                  <p class=\"event__information\"> For:  All Gender<\/p>\n        \n                  <p class=\"event__information\"> Age:  All Ages<\/p>\n        \n                  <p class=\"event__information\"> Language:  en<\/p>\n        \n                \n        \n        \n      <\/div>\n        \n      <\/article>\n    <\/div>  \n\n\n\n<div style=\"height:40px\" aria-hidden=\"true\" class=\"wp-block-spacer\"><\/div>\n\n\n\n<div class=\"wp-block-buttons has-custom-font-size has-small-font-size is-layout-flex wp-block-buttons-is-layout-flex\">\n<div class=\"wp-block-button\"><a class=\"wp-block-button__link wp-element-button\" href=\"https:\/\/diversityroadmap.org\/fr\/violence-sexualisee\/\">Retourner<\/a><\/div>\n<\/div>\n\n\n\n<p><\/p>\n","protected":false},"excerpt":{"rendered":"<p>Pour rester inform\u00e9\u00b7e\u00b7x, suis-nous sur Instagram @\u200chelvetiarockt. Tu trouveras d\u2019autres \u00e9v\u00e9nements passionnants de Helvetiarockt ici.<\/p>\n","protected":false},"author":1,"featured_media":0,"parent":0,"menu_order":0,"comment_status":"closed","ping_status":"closed","template":"","meta":{"_acf_changed":false,"footnotes":""},"class_list":["post-2535","page","type-page","status-publish","hentry"],"acf":[],"yoast_head":"<!-- This site is optimized with the Yoast SEO plugin v24.0 - https:\/\/yoast.com\/wordpress\/plugins\/seo\/ -->\n<title>Agenda | Diversity Roadmap<\/title>\n<meta name=\"robots\" content=\"index, follow, max-snippet:-1, max-image-preview:large, max-video-preview:-1\" \/>\n<link rel=\"canonical\" href=\"https:\/\/diversityroadmap.org\/fr\/agenda\/\" \/>\n<meta property=\"og:locale\" content=\"fr_FR\" \/>\n<meta property=\"og:type\" content=\"article\" \/>\n<meta property=\"og:title\" content=\"Agenda | Diversity Roadmap\" \/>\n<meta property=\"og:description\" content=\"Pour rester inform\u00e9\u00b7e\u00b7x, suis-nous sur Instagram @\u200chelvetiarockt. Tu trouveras d\u2019autres \u00e9v\u00e9nements passionnants de Helvetiarockt ici.\" \/>\n<meta property=\"og:url\" content=\"https:\/\/diversityroadmap.org\/fr\/agenda\/\" \/>\n<meta property=\"og:site_name\" content=\"Diversity Roadmap\" \/>\n<meta property=\"article:publisher\" content=\"https:\/\/www.facebook.com\/HELVETIAROCKT\" \/>\n<meta property=\"article:modified_time\" content=\"2025-08-22T09:31:23+00:00\" \/>\n<meta name=\"twitter:card\" content=\"summary_large_image\" \/>\n<meta name=\"twitter:label1\" content=\"Dur\u00e9e de lecture estim\u00e9e\" \/>\n\t<meta name=\"twitter:data1\" content=\"1 minute\" \/>\n<script type=\"application\/ld+json\" class=\"yoast-schema-graph\">{\"@context\":\"https:\/\/schema.org\",\"@graph\":[{\"@type\":\"WebPage\",\"@id\":\"https:\/\/diversityroadmap.org\/fr\/agenda\/\",\"url\":\"https:\/\/diversityroadmap.org\/fr\/agenda\/\",\"name\":\"Agenda | Diversity Roadmap\",\"isPartOf\":{\"@id\":\"https:\/\/diversityroadmap.org\/fr\/#website\"},\"datePublished\":\"2024-07-01T10:25:21+00:00\",\"dateModified\":\"2025-08-22T09:31:23+00:00\",\"breadcrumb\":{\"@id\":\"https:\/\/diversityroadmap.org\/fr\/agenda\/#breadcrumb\"},\"inLanguage\":\"fr-FR\",\"potentialAction\":[{\"@type\":\"ReadAction\",\"target\":[\"https:\/\/diversityroadmap.org\/fr\/agenda\/\"]}]},{\"@type\":\"BreadcrumbList\",\"@id\":\"https:\/\/diversityroadmap.org\/fr\/agenda\/#breadcrumb\",\"itemListElement\":[{\"@type\":\"ListItem\",\"position\":1,\"name\":\"Home\",\"item\":\"https:\/\/diversityroadmap.org\/fr\/\"},{\"@type\":\"ListItem\",\"position\":2,\"name\":\"Agenda\"}]},{\"@type\":\"WebSite\",\"@id\":\"https:\/\/diversityroadmap.org\/fr\/#website\",\"url\":\"https:\/\/diversityroadmap.org\/fr\/\",\"name\":\"Diversity Roadmap\",\"description\":\"\",\"publisher\":{\"@id\":\"https:\/\/diversityroadmap.org\/fr\/#organization\"},\"potentialAction\":[{\"@type\":\"SearchAction\",\"target\":{\"@type\":\"EntryPoint\",\"urlTemplate\":\"https:\/\/diversityroadmap.org\/fr\/?s={search_term_string}\"},\"query-input\":{\"@type\":\"PropertyValueSpecification\",\"valueRequired\":true,\"valueName\":\"search_term_string\"}}],\"inLanguage\":\"fr-FR\"},{\"@type\":\"Organization\",\"@id\":\"https:\/\/diversityroadmap.org\/fr\/#organization\",\"name\":\"Helvetiarockt\",\"url\":\"https:\/\/diversityroadmap.org\/fr\/\",\"logo\":{\"@type\":\"ImageObject\",\"inLanguage\":\"fr-FR\",\"@id\":\"https:\/\/diversityroadmap.org\/fr\/#\/schema\/logo\/image\/\",\"url\":\"https:\/\/diversityroadmap.org\/wp-content\/uploads\/2020\/04\/HR_Logo_pos.jpg\",\"contentUrl\":\"https:\/\/diversityroadmap.org\/wp-content\/uploads\/2020\/04\/HR_Logo_pos.jpg\",\"width\":591,\"height\":334,\"caption\":\"Helvetiarockt\"},\"image\":{\"@id\":\"https:\/\/diversityroadmap.org\/fr\/#\/schema\/logo\/image\/\"},\"sameAs\":[\"https:\/\/www.facebook.com\/HELVETIAROCKT\",\"https:\/\/www.instagram.com\/HELVETIAROCKT\",\"https:\/\/www.youtube.com\/HELVETIAROCKT\"]}]}<\/script>\n<!-- \/ Yoast SEO plugin. -->","yoast_head_json":{"title":"Agenda | Diversity Roadmap","robots":{"index":"index","follow":"follow","max-snippet":"max-snippet:-1","max-image-preview":"max-image-preview:large","max-video-preview":"max-video-preview:-1"},"canonical":"https:\/\/diversityroadmap.org\/fr\/agenda\/","og_locale":"fr_FR","og_type":"article","og_title":"Agenda | Diversity Roadmap","og_description":"Pour rester inform\u00e9\u00b7e\u00b7x, suis-nous sur Instagram @\u200chelvetiarockt. Tu trouveras d\u2019autres \u00e9v\u00e9nements passionnants de Helvetiarockt ici.","og_url":"https:\/\/diversityroadmap.org\/fr\/agenda\/","og_site_name":"Diversity Roadmap","article_publisher":"https:\/\/www.facebook.com\/HELVETIAROCKT","article_modified_time":"2025-08-22T09:31:23+00:00","twitter_card":"summary_large_image","twitter_misc":{"Dur\u00e9e de lecture estim\u00e9e":"1 minute"},"schema":{"@context":"https:\/\/schema.org","@graph":[{"@type":"WebPage","@id":"https:\/\/diversityroadmap.org\/fr\/agenda\/","url":"https:\/\/diversityroadmap.org\/fr\/agenda\/","name":"Agenda | Diversity Roadmap","isPartOf":{"@id":"https:\/\/diversityroadmap.org\/fr\/#website"},"datePublished":"2024-07-01T10:25:21+00:00","dateModified":"2025-08-22T09:31:23+00:00","breadcrumb":{"@id":"https:\/\/diversityroadmap.org\/fr\/agenda\/#breadcrumb"},"inLanguage":"fr-FR","potentialAction":[{"@type":"ReadAction","target":["https:\/\/diversityroadmap.org\/fr\/agenda\/"]}]},{"@type":"BreadcrumbList","@id":"https:\/\/diversityroadmap.org\/fr\/agenda\/#breadcrumb","itemListElement":[{"@type":"ListItem","position":1,"name":"Home","item":"https:\/\/diversityroadmap.org\/fr\/"},{"@type":"ListItem","position":2,"name":"Agenda"}]},{"@type":"WebSite","@id":"https:\/\/diversityroadmap.org\/fr\/#website","url":"https:\/\/diversityroadmap.org\/fr\/","name":"Diversity Roadmap","description":"","publisher":{"@id":"https:\/\/diversityroadmap.org\/fr\/#organization"},"potentialAction":[{"@type":"SearchAction","target":{"@type":"EntryPoint","urlTemplate":"https:\/\/diversityroadmap.org\/fr\/?s={search_term_string}"},"query-input":{"@type":"PropertyValueSpecification","valueRequired":true,"valueName":"search_term_string"}}],"inLanguage":"fr-FR"},{"@type":"Organization","@id":"https:\/\/diversityroadmap.org\/fr\/#organization","name":"Helvetiarockt","url":"https:\/\/diversityroadmap.org\/fr\/","logo":{"@type":"ImageObject","inLanguage":"fr-FR","@id":"https:\/\/diversityroadmap.org\/fr\/#\/schema\/logo\/image\/","url":"https:\/\/diversityroadmap.org\/wp-content\/uploads\/2020\/04\/HR_Logo_pos.jpg","contentUrl":"https:\/\/diversityroadmap.org\/wp-content\/uploads\/2020\/04\/HR_Logo_pos.jpg","width":591,"height":334,"caption":"Helvetiarockt"},"image":{"@id":"https:\/\/diversityroadmap.org\/fr\/#\/schema\/logo\/image\/"},"sameAs":["https:\/\/www.facebook.com\/HELVETIAROCKT","https:\/\/www.instagram.com\/HELVETIAROCKT","https:\/\/www.youtube.com\/HELVETIAROCKT"]}]}},"distributor_meta":false,"distributor_terms":false,"distributor_media":false,"distributor_original_site_name":"Diversity Roadmap","distributor_original_site_url":"https:\/\/diversityroadmap.org\/fr\/","push-errors":false,"_links":{"self":[{"href":"https:\/\/diversityroadmap.org\/fr\/wp-json\/wp\/v2\/pages\/2535","targetHints":{"allow":["GET"]}}],"collection":[{"href":"https:\/\/diversityroadmap.org\/fr\/wp-json\/wp\/v2\/pages"}],"about":[{"href":"https:\/\/diversityroadmap.org\/fr\/wp-json\/wp\/v2\/types\/page"}],"author":[{"embeddable":true,"href":"https:\/\/diversityroadmap.org\/fr\/wp-json\/wp\/v2\/users\/1"}],"replies":[{"embeddable":true,"href":"https:\/\/diversityroadmap.org\/fr\/wp-json\/wp\/v2\/comments?post=2535"}],"version-history":[{"count":16,"href":"https:\/\/diversityroadmap.org\/fr\/wp-json\/wp\/v2\/pages\/2535\/revisions"}],"predecessor-version":[{"id":3124,"href":"https:\/\/diversityroadmap.org\/fr\/wp-json\/wp\/v2\/pages\/2535\/revisions\/3124"}],"wp:attachment":[{"href":"https:\/\/diversityroadmap.org\/fr\/wp-json\/wp\/v2\/media?parent=2535"}],"curies":[{"name":"wp","href":"https:\/\/api.w.org\/{rel}","templated":true}]}}