{"id":1531,"date":"2023-10-25T09:37:51","date_gmt":"2023-10-25T09:37:51","guid":{"rendered":"https:\/\/diversityroadmap.org\/sexualisierte-gewalt\/"},"modified":"2024-11-26T14:47:49","modified_gmt":"2024-11-26T14:47:49","slug":"violence-sexualisee","status":"publish","type":"page","link":"https:\/\/diversityroadmap.org\/fr\/violence-sexualisee\/","title":{"rendered":"Violence sexualis\u00e9e"},"content":{"rendered":"\n<div style=\"height:0px\" aria-hidden=\"true\" class=\"wp-block-spacer\"><\/div>\n\n\n\n<div style=\"height:20px\" aria-hidden=\"true\" class=\"wp-block-spacer\"><\/div>\n\n\n\n<div style=\"height:20px\" aria-hidden=\"true\" class=\"wp-block-spacer\"><\/div>\n\n\n\n<div class=\"wp-block-buttons has-custom-font-size has-small-font-size is-horizontal is-content-justification-left is-layout-flex wp-container-core-buttons-is-layout-1 wp-block-buttons-is-layout-flex\">\n<div class=\"wp-block-button has-custom-font-size has-small-font-size\"><a class=\"wp-block-button__link wp-element-button\" href=\"https:\/\/diversityroadmap.org\/fr\/agenda\/\">Agenda<\/a><\/div>\n\n\n\n<div class=\"wp-block-button has-custom-font-size has-small-font-size\"><a class=\"wp-block-button__link wp-element-button\" href=\"https:\/\/diversityroadmap.org\/fr\/topics\/notice-step-up-act\/\">Notice | step up | act<\/a><\/div>\n\n\n\n<div class=\"wp-block-button has-custom-font-size has-small-font-size\"><a class=\"wp-block-button__link wp-element-button\" href=\"https:\/\/diversityroadmap.org\/fr\/topics\/consent-is-key\/\">Consent is key<\/a><\/div>\n\n\n\n<div class=\"wp-block-button has-custom-font-size has-small-font-size\"><a class=\"wp-block-button__link wp-element-button\" href=\"https:\/\/linktr.ee\/diversityroadmap\" target=\"_blank\" rel=\"noreferrer noopener\">O\u00f9 puis-je obtenir du soutien ?<\/a><\/div>\n\n\n\n<div class=\"wp-block-button has-custom-font-size has-small-font-size\"><a class=\"wp-block-button__link wp-element-button\" href=\"https:\/\/diversityroadmap.org\/wp-content\/uploads\/2023\/11\/Pas-seulement-des-affiches-dans-les-toilettes-Helvetiarockt.pdf\" target=\"_blank\" rel=\"noreferrer noopener\">Download Rapport<\/a><\/div>\n\n\n\n<div class=\"wp-block-button has-custom-font-size has-small-font-size\"><a class=\"wp-block-button__link wp-element-button\" href=\"https:\/\/diversityroadmap.org\/wp-content\/uploads\/2023\/11\/Affiche-Helvetiarockt-Digital.pdf\" target=\"_blank\" rel=\"noreferrer noopener\">Download Affiche<\/a><\/div>\n<\/div>\n\n\n\n<div style=\"height:20px\" aria-hidden=\"true\" class=\"wp-block-spacer\"><\/div>\n\n\n\n<p><strong>Violence sexualis\u00e9e dans les clubs &amp; les festivals en Suisse<\/strong><\/p>\n\n\n\n<p>Les clubs de musique et les festivals assument une fonction culturelle et sociale dans la vie de la soci\u00e9t\u00e9. Ce sont des lieux de rencontre qui donnent acc\u00e8s \u00e0 la culture et offrent une plateforme aux artistes nationaux\u00b7ale\u00b7x\u00b7s. et internationaux\u00b7ale\u00b7x\u00b7s. Mais ce sont aussi des espaces o\u00f9 les gens peuvent \u00eatre confront\u00e9s \u00e0 diff\u00e9rentes formes de discrimination et de violence sexualis\u00e9e. Cela ne concerne pas seulement le public, mais aussi le personnel, les b\u00e9n\u00e9voles et les artistes. Dans ce contexte, ce sont majoritairement les femmes, les personnes inter, non-binaires, trans et agenres qui sont concern\u00e9es par la violence sexualis\u00e9e.<\/p>\n\n\n<div class=\"alignfull\">\n\n  <dl class=\"explanation\">\n\n    <dt class=\"explanation__titleWrapper\">\n      <h1 class=\"explanation__title\">THERE ARE MANY FORMS OF SEXUALISED VIOLENCE! \u2013 LET US NO LONGER BE SILENT ABOUT IT.<\/h1>\n\n          <\/dt>\n\n    <dd class=\"explanation__text\">\n      \n\n<p>Comment reconna\u00eetre la violence sexualis\u00e9e&nbsp;? Elle se manifeste \u00e0 travers des regards insistants, un langage d\u00e9gradant ou blessant, des jugements de valeur moraux et physiques non sollicit\u00e9s, des comportements physiquement transgressifs tels qu\u2019attouchements, agressions sexuelles et viols. Elle est autant verbale que physique ou psychologique.<\/p>\n\n\n\n<p>D\u2019autres formes telles que le harc\u00e8lement sexuel ou le harc\u00e8lement de rue ne sont pas toujours reconnues comme violence sexualis\u00e9e ou sont minimis\u00e9es ou normalis\u00e9es. Ce sont des violences plus pernicieuses, moins visible. D\u00e8s lors, le doute s\u2019installe parfois face \u00e0 un comportement intrusif ind\u00e9sirable ou \u00e0 un contact physique impos\u00e9.<\/p>\n\n\n\n<p>La violence sexualis\u00e9e ne touche pas seulement les publics des clubs et festivals, mais \u00e9galement les collaborateur\u00b7ice\u00b7x\u00b7s, les b\u00e9n\u00e9voles et les artistes.<\/p>\n\n\n\n<p>Qu\u2019est-ce que la violence sexualis\u00e9e&nbsp;? Il s\u2019agit d\u2019agressions cibl\u00e9es contre l&#8217;int\u00e9grit\u00e9 sexuelle et de genre des victimes. C\u2019est un acte de violence avec un enjeu de prise de pouvoir et de d\u00e9valorisation.<\/p>\n\n\n\n<p>Elle refl\u00e8te les rapports de force existants, qui se manifestent notamment par l&#8217;attribution de st\u00e9r\u00e9otypes de genre et de r\u00f4le et par des rapports in\u00e9gaux entre les genres. Dans ce contexte, la discrimination fond\u00e9e sur le genre, l&#8217;identit\u00e9 de genre et l&#8217;expression de genre se superpose \u00e0 d&#8217;autres formes de discrimination, comme le racisme par exemple.<\/p>\n\n\n\n<p>La violence sexualis\u00e9e est pr\u00e9sente l\u00e0 o\u00f9 existent les in\u00e9galit\u00e9s, les rapports de pouvoir, le sexisme et les structures hi\u00e9rarchis\u00e9es. Aujourd\u2019hui, nous encourageons quiconque la vit \u00e0 la d\u00e9noncer et \u00e0 la sanctionner, pour pr\u00e9venir et emp\u00eacher de futures agressions. C\u2019est en agissant ainsi que nous soutenons la dissolution des structures de pouvoir patriarcales. Nous avons tou\u00b7te\u00b7x\u00b7s cette responsabilit\u00e9 de pr\u00e9vention.<\/p>\n\n\n    <\/dd>\n\n  <\/dl>\n<\/div>\n\n\n<div style=\"height:50px\" aria-hidden=\"true\" class=\"wp-block-spacer\"><\/div>\n\n\n\n<figure class=\"wp-block-image alignleft\"><img decoding=\"async\" width=\"1800\" height=\"536\" src=\"https:\/\/diversityroadmap.org\/wp-content\/uploads\/2023\/11\/Stickers_in_a_row_web-1800x536.png\" alt=\"Kampagnensticker There are many forms of sexualised violence\" class=\"wp-image-1645\" srcset=\"https:\/\/diversityroadmap.org\/wp-content\/uploads\/2023\/11\/Stickers_in_a_row_web-1800x536.png 1800w, https:\/\/diversityroadmap.org\/wp-content\/uploads\/2023\/11\/Stickers_in_a_row_web-500x149.png 500w, https:\/\/diversityroadmap.org\/wp-content\/uploads\/2023\/11\/Stickers_in_a_row_web-800x238.png 800w, https:\/\/diversityroadmap.org\/wp-content\/uploads\/2023\/11\/Stickers_in_a_row_web-1536x458.png 1536w, https:\/\/diversityroadmap.org\/wp-content\/uploads\/2023\/11\/Stickers_in_a_row_web-2048x610.png 2048w\" sizes=\"(max-width: 1800px) 100vw, 1800px\" \/><\/figure>\n\n\n\n<div style=\"height:50px\" aria-hidden=\"true\" class=\"wp-block-spacer\"><\/div>\n\n\n<div class=\"alignfull\">\n\n  <dl class=\"explanation\">\n\n    <dt class=\"explanation__titleWrapper\">\n      <h1 class=\"explanation__title\">BESOIN D&#8217;UN SOUTIEN\u00a0?<\/h1>\n\n          <\/dt>\n\n    <dd class=\"explanation__text\">\n      \n\n<p>Tu te sens inconfortable dans une situation&nbsp;? Tu es harcel\u00e9\u00b7e\u00b7x, menac\u00e9\u00b7e\u00b7x&nbsp;? Tu n&#8217;es pas s\u00fbr\u00b7e\u00b7x de savoir comment r\u00e9agir face \u00e0 une situation (observ\u00e9e)&nbsp;? Comment \u00e9valuer une situation&nbsp;?<\/p>\n\n\n\n<p>Tu es seul\u00b7e\u00b7x \u00e0 savoir quand et pourquoi tu t&#8217;es senti\u00b7e\u00b7x mal \u00e0 l&#8217;aise, ou encore quand et comment tes limites ont \u00e9t\u00e9 atteintes. C&#8217;est toi qui d\u00e9cides de la mani\u00e8re dont tu veux agir et dont les autres peuvent agir envers toi.<\/p>\n\n\n\n<p>Nous t\u2019encourageons \u00e0 te confier. Tes ami\u00b7e\u00b7x\u00b7s, ton entourage ou les collaborateur\u00b7ice\u00b7x\u00b7s des lieux culturels sont \u00e0 l\u2019\u00e9coute.<\/p>\n\n\n\n<p>Les services de conseil professionnels sont l\u00e0 pour t\u2019accueillir et t\u2019offrir un soutien adapt\u00e9 sur la base d\u2019\u00e9changes confidentiels et gratuits. Ces derniers peuvent \u00e9galement se faire de mani\u00e8re anonyme, par t\u00e9l\u00e9phone ou en ligne. Parmi d\u2019autres, tu peux contacter les services municipaux et cantonaux de l&#8217;\u00e9galit\u00e9 ou les services cantonaux d&#8217;aide aux victimes.<\/p>\n\n\n    <\/dd>\n\n  <\/dl>\n<\/div>\n\n\n<p><a href=\"https:\/\/diversityroadmap.org\/wp-content\/uploads\/2023\/11\/Pas-seulement-des-affiches-dans-les-toilettes-Helvetiarockt.pdf\" target=\"_blank\" rel=\"noreferrer noopener\">Download rapport violence sexualis\u00e9e dans les clubs &amp; les festivals<\/a><\/p>\n\n\n\n<p><a href=\"https:\/\/diversityroadmap.org\/wp-content\/uploads\/2023\/11\/Affiche-Helvetiarockt-Digital.pdf\" target=\"_blank\" rel=\"noreferrer noopener\">Download affiche violence sexualis\u00e9e dans les clubs &amp; les festivals<\/a><\/p>\n\n\n\n<div style=\"height:50px\" aria-hidden=\"true\" class=\"wp-block-spacer\"><\/div>\n\n\n\n<div class=\"wp-block-group alignfull has-primary-color has-secondary-background-color has-text-color has-background is-content-justification-left is-layout-constrained wp-container-core-group-is-layout-1 wp-block-group-is-layout-constrained\">\n<p class=\"has-text-align-center has-xlarge-font-size\">#passeulementdesaffichesdanslestoilettes<\/p>\n<\/div>\n","protected":false},"excerpt":{"rendered":"<p>Violence sexualis\u00e9e dans les clubs &amp; les festivals en Suisse Les clubs de musique et les festivals assument une fonction culturelle et sociale dans la vie de la soci\u00e9t\u00e9. Ce sont des lieux de rencontre qui donnent acc\u00e8s \u00e0 la culture et offrent une plateforme aux artistes nationaux\u00b7ale\u00b7x\u00b7s. et internationaux\u00b7ale\u00b7x\u00b7s. Mais ce sont aussi des [&hellip;]<\/p>\n","protected":false},"author":6,"featured_media":0,"parent":0,"menu_order":0,"comment_status":"closed","ping_status":"closed","template":"","meta":{"_acf_changed":false,"footnotes":""},"class_list":["post-1531","page","type-page","status-publish","hentry"],"acf":[],"yoast_head":"<!-- This site is optimized with the Yoast SEO plugin v24.0 - https:\/\/yoast.com\/wordpress\/plugins\/seo\/ -->\n<title>Violence sexualis\u00e9e | Diversity Roadmap<\/title>\n<meta name=\"robots\" content=\"index, follow, max-snippet:-1, max-image-preview:large, max-video-preview:-1\" \/>\n<link rel=\"canonical\" href=\"https:\/\/diversityroadmap.org\/fr\/violence-sexualisee\/\" \/>\n<meta property=\"og:locale\" content=\"fr_FR\" \/>\n<meta property=\"og:type\" content=\"article\" \/>\n<meta property=\"og:title\" content=\"Violence sexualis\u00e9e | Diversity Roadmap\" \/>\n<meta property=\"og:description\" content=\"Violence sexualis\u00e9e dans les clubs &amp; les festivals en Suisse Les clubs de musique et les festivals assument une fonction culturelle et sociale dans la vie de la soci\u00e9t\u00e9. Ce sont des lieux de rencontre qui donnent acc\u00e8s \u00e0 la culture et offrent une plateforme aux artistes nationaux\u00b7ale\u00b7x\u00b7s. et internationaux\u00b7ale\u00b7x\u00b7s. Mais ce sont aussi des [&hellip;]\" \/>\n<meta property=\"og:url\" content=\"https:\/\/diversityroadmap.org\/fr\/violence-sexualisee\/\" \/>\n<meta property=\"og:site_name\" content=\"Diversity Roadmap\" \/>\n<meta property=\"article:publisher\" content=\"https:\/\/www.facebook.com\/HELVETIAROCKT\" \/>\n<meta property=\"article:modified_time\" content=\"2024-11-26T14:47:49+00:00\" \/>\n<meta property=\"og:image\" content=\"https:\/\/diversityroadmap.org\/wp-content\/uploads\/2023\/11\/Stickers_in_a_row_web-1800x536.png\" \/>\n<meta name=\"twitter:card\" content=\"summary_large_image\" \/>\n<meta name=\"twitter:label1\" content=\"Dur\u00e9e de lecture estim\u00e9e\" \/>\n\t<meta name=\"twitter:data1\" content=\"4 minutes\" \/>\n<script type=\"application\/ld+json\" class=\"yoast-schema-graph\">{\"@context\":\"https:\/\/schema.org\",\"@graph\":[{\"@type\":\"WebPage\",\"@id\":\"https:\/\/diversityroadmap.org\/fr\/violence-sexualisee\/\",\"url\":\"https:\/\/diversityroadmap.org\/fr\/violence-sexualisee\/\",\"name\":\"Violence sexualis\u00e9e | Diversity Roadmap\",\"isPartOf\":{\"@id\":\"https:\/\/diversityroadmap.org\/fr\/#website\"},\"primaryImageOfPage\":{\"@id\":\"https:\/\/diversityroadmap.org\/fr\/violence-sexualisee\/#primaryimage\"},\"image\":{\"@id\":\"https:\/\/diversityroadmap.org\/fr\/violence-sexualisee\/#primaryimage\"},\"thumbnailUrl\":\"https:\/\/diversityroadmap.org\/wp-content\/uploads\/2023\/11\/Stickers_in_a_row_web-1800x536.png\",\"datePublished\":\"2023-10-25T09:37:51+00:00\",\"dateModified\":\"2024-11-26T14:47:49+00:00\",\"breadcrumb\":{\"@id\":\"https:\/\/diversityroadmap.org\/fr\/violence-sexualisee\/#breadcrumb\"},\"inLanguage\":\"fr-FR\",\"potentialAction\":[{\"@type\":\"ReadAction\",\"target\":[\"https:\/\/diversityroadmap.org\/fr\/violence-sexualisee\/\"]}]},{\"@type\":\"ImageObject\",\"inLanguage\":\"fr-FR\",\"@id\":\"https:\/\/diversityroadmap.org\/fr\/violence-sexualisee\/#primaryimage\",\"url\":\"https:\/\/diversityroadmap.org\/wp-content\/uploads\/2023\/11\/Stickers_in_a_row_web-1800x536.png\",\"contentUrl\":\"https:\/\/diversityroadmap.org\/wp-content\/uploads\/2023\/11\/Stickers_in_a_row_web-1800x536.png\"},{\"@type\":\"BreadcrumbList\",\"@id\":\"https:\/\/diversityroadmap.org\/fr\/violence-sexualisee\/#breadcrumb\",\"itemListElement\":[{\"@type\":\"ListItem\",\"position\":1,\"name\":\"Home\",\"item\":\"https:\/\/diversityroadmap.org\/fr\/\"},{\"@type\":\"ListItem\",\"position\":2,\"name\":\"Violence sexualis\u00e9e\"}]},{\"@type\":\"WebSite\",\"@id\":\"https:\/\/diversityroadmap.org\/fr\/#website\",\"url\":\"https:\/\/diversityroadmap.org\/fr\/\",\"name\":\"Diversity Roadmap\",\"description\":\"\",\"publisher\":{\"@id\":\"https:\/\/diversityroadmap.org\/fr\/#organization\"},\"potentialAction\":[{\"@type\":\"SearchAction\",\"target\":{\"@type\":\"EntryPoint\",\"urlTemplate\":\"https:\/\/diversityroadmap.org\/fr\/?s={search_term_string}\"},\"query-input\":{\"@type\":\"PropertyValueSpecification\",\"valueRequired\":true,\"valueName\":\"search_term_string\"}}],\"inLanguage\":\"fr-FR\"},{\"@type\":\"Organization\",\"@id\":\"https:\/\/diversityroadmap.org\/fr\/#organization\",\"name\":\"Helvetiarockt\",\"url\":\"https:\/\/diversityroadmap.org\/fr\/\",\"logo\":{\"@type\":\"ImageObject\",\"inLanguage\":\"fr-FR\",\"@id\":\"https:\/\/diversityroadmap.org\/fr\/#\/schema\/logo\/image\/\",\"url\":\"https:\/\/diversityroadmap.org\/wp-content\/uploads\/2020\/04\/HR_Logo_pos.jpg\",\"contentUrl\":\"https:\/\/diversityroadmap.org\/wp-content\/uploads\/2020\/04\/HR_Logo_pos.jpg\",\"width\":591,\"height\":334,\"caption\":\"Helvetiarockt\"},\"image\":{\"@id\":\"https:\/\/diversityroadmap.org\/fr\/#\/schema\/logo\/image\/\"},\"sameAs\":[\"https:\/\/www.facebook.com\/HELVETIAROCKT\",\"https:\/\/www.instagram.com\/HELVETIAROCKT\",\"https:\/\/www.youtube.com\/HELVETIAROCKT\"]}]}<\/script>\n<!-- \/ Yoast SEO plugin. -->","yoast_head_json":{"title":"Violence sexualis\u00e9e | Diversity Roadmap","robots":{"index":"index","follow":"follow","max-snippet":"max-snippet:-1","max-image-preview":"max-image-preview:large","max-video-preview":"max-video-preview:-1"},"canonical":"https:\/\/diversityroadmap.org\/fr\/violence-sexualisee\/","og_locale":"fr_FR","og_type":"article","og_title":"Violence sexualis\u00e9e | Diversity Roadmap","og_description":"Violence sexualis\u00e9e dans les clubs &amp; les festivals en Suisse Les clubs de musique et les festivals assument une fonction culturelle et sociale dans la vie de la soci\u00e9t\u00e9. Ce sont des lieux de rencontre qui donnent acc\u00e8s \u00e0 la culture et offrent une plateforme aux artistes nationaux\u00b7ale\u00b7x\u00b7s. et internationaux\u00b7ale\u00b7x\u00b7s. Mais ce sont aussi des [&hellip;]","og_url":"https:\/\/diversityroadmap.org\/fr\/violence-sexualisee\/","og_site_name":"Diversity Roadmap","article_publisher":"https:\/\/www.facebook.com\/HELVETIAROCKT","article_modified_time":"2024-11-26T14:47:49+00:00","og_image":[{"url":"https:\/\/diversityroadmap.org\/wp-content\/uploads\/2023\/11\/Stickers_in_a_row_web-1800x536.png","type":"","width":"","height":""}],"twitter_card":"summary_large_image","twitter_misc":{"Dur\u00e9e de lecture estim\u00e9e":"4 minutes"},"schema":{"@context":"https:\/\/schema.org","@graph":[{"@type":"WebPage","@id":"https:\/\/diversityroadmap.org\/fr\/violence-sexualisee\/","url":"https:\/\/diversityroadmap.org\/fr\/violence-sexualisee\/","name":"Violence sexualis\u00e9e | Diversity Roadmap","isPartOf":{"@id":"https:\/\/diversityroadmap.org\/fr\/#website"},"primaryImageOfPage":{"@id":"https:\/\/diversityroadmap.org\/fr\/violence-sexualisee\/#primaryimage"},"image":{"@id":"https:\/\/diversityroadmap.org\/fr\/violence-sexualisee\/#primaryimage"},"thumbnailUrl":"https:\/\/diversityroadmap.org\/wp-content\/uploads\/2023\/11\/Stickers_in_a_row_web-1800x536.png","datePublished":"2023-10-25T09:37:51+00:00","dateModified":"2024-11-26T14:47:49+00:00","breadcrumb":{"@id":"https:\/\/diversityroadmap.org\/fr\/violence-sexualisee\/#breadcrumb"},"inLanguage":"fr-FR","potentialAction":[{"@type":"ReadAction","target":["https:\/\/diversityroadmap.org\/fr\/violence-sexualisee\/"]}]},{"@type":"ImageObject","inLanguage":"fr-FR","@id":"https:\/\/diversityroadmap.org\/fr\/violence-sexualisee\/#primaryimage","url":"https:\/\/diversityroadmap.org\/wp-content\/uploads\/2023\/11\/Stickers_in_a_row_web-1800x536.png","contentUrl":"https:\/\/diversityroadmap.org\/wp-content\/uploads\/2023\/11\/Stickers_in_a_row_web-1800x536.png"},{"@type":"BreadcrumbList","@id":"https:\/\/diversityroadmap.org\/fr\/violence-sexualisee\/#breadcrumb","itemListElement":[{"@type":"ListItem","position":1,"name":"Home","item":"https:\/\/diversityroadmap.org\/fr\/"},{"@type":"ListItem","position":2,"name":"Violence sexualis\u00e9e"}]},{"@type":"WebSite","@id":"https:\/\/diversityroadmap.org\/fr\/#website","url":"https:\/\/diversityroadmap.org\/fr\/","name":"Diversity Roadmap","description":"","publisher":{"@id":"https:\/\/diversityroadmap.org\/fr\/#organization"},"potentialAction":[{"@type":"SearchAction","target":{"@type":"EntryPoint","urlTemplate":"https:\/\/diversityroadmap.org\/fr\/?s={search_term_string}"},"query-input":{"@type":"PropertyValueSpecification","valueRequired":true,"valueName":"search_term_string"}}],"inLanguage":"fr-FR"},{"@type":"Organization","@id":"https:\/\/diversityroadmap.org\/fr\/#organization","name":"Helvetiarockt","url":"https:\/\/diversityroadmap.org\/fr\/","logo":{"@type":"ImageObject","inLanguage":"fr-FR","@id":"https:\/\/diversityroadmap.org\/fr\/#\/schema\/logo\/image\/","url":"https:\/\/diversityroadmap.org\/wp-content\/uploads\/2020\/04\/HR_Logo_pos.jpg","contentUrl":"https:\/\/diversityroadmap.org\/wp-content\/uploads\/2020\/04\/HR_Logo_pos.jpg","width":591,"height":334,"caption":"Helvetiarockt"},"image":{"@id":"https:\/\/diversityroadmap.org\/fr\/#\/schema\/logo\/image\/"},"sameAs":["https:\/\/www.facebook.com\/HELVETIAROCKT","https:\/\/www.instagram.com\/HELVETIAROCKT","https:\/\/www.youtube.com\/HELVETIAROCKT"]}]}},"distributor_meta":false,"distributor_terms":false,"distributor_media":false,"distributor_original_site_name":"Diversity Roadmap","distributor_original_site_url":"https:\/\/diversityroadmap.org\/fr\/","push-errors":false,"_links":{"self":[{"href":"https:\/\/diversityroadmap.org\/fr\/wp-json\/wp\/v2\/pages\/1531","targetHints":{"allow":["GET"]}}],"collection":[{"href":"https:\/\/diversityroadmap.org\/fr\/wp-json\/wp\/v2\/pages"}],"about":[{"href":"https:\/\/diversityroadmap.org\/fr\/wp-json\/wp\/v2\/types\/page"}],"author":[{"embeddable":true,"href":"https:\/\/diversityroadmap.org\/fr\/wp-json\/wp\/v2\/users\/6"}],"replies":[{"embeddable":true,"href":"https:\/\/diversityroadmap.org\/fr\/wp-json\/wp\/v2\/comments?post=1531"}],"version-history":[{"count":67,"href":"https:\/\/diversityroadmap.org\/fr\/wp-json\/wp\/v2\/pages\/1531\/revisions"}],"predecessor-version":[{"id":2845,"href":"https:\/\/diversityroadmap.org\/fr\/wp-json\/wp\/v2\/pages\/1531\/revisions\/2845"}],"wp:attachment":[{"href":"https:\/\/diversityroadmap.org\/fr\/wp-json\/wp\/v2\/media?parent=1531"}],"curies":[{"name":"wp","href":"https:\/\/api.w.org\/{rel}","templated":true}]}}