{"id":13,"date":"2019-12-16T16:24:35","date_gmt":"2019-12-16T16:24:35","guid":{"rendered":"http:\/\/diversityroadmap.local\/diversity-roadmap\/"},"modified":"2025-12-10T13:34:38","modified_gmt":"2025-12-10T13:34:38","slug":"diversity-roadmap","status":"publish","type":"page","link":"https:\/\/diversityroadmap.org\/fr\/","title":{"rendered":"Startseite"},"content":{"rendered":"\n<div style=\"height:clamp(3.75rem, 2.3214rem + 7.1429vw, 11.25rem)\" aria-hidden=\"true\" class=\"wp-block-spacer\"><\/div>\n\n\n\n<blockquote class=\"wp-block-quote has-text-align-center has-primary-color has-secondary-background-color has-text-color has-background has-link-color wp-elements-457786cfaafb7f2ded49913e5949ba9a is-layout-flow wp-block-quote-is-layout-flow\">\n<p class=\"has-text-align-center has-large-font-size\">\u00ab&nbsp;Pas seulement des affiches dans les toilettes&nbsp;\u00bb \u2013 Violence sexualis\u00e9e dans les clubs et les festivals<\/p>\n<cite><a href=\"https:\/\/diversityroadmap.org\/fr\/violence-sexualisee\/\">Lire le rapport <\/a><\/cite><\/blockquote>\n\n\n\n<div style=\"height:clamp(3.75rem, 2.3214rem + 7.1429vw, 11.25rem)\" aria-hidden=\"true\" class=\"wp-block-spacer\"><\/div>\n\n\n\n<div class=\"wp-block-group has-secondary-background-color has-background is-layout-constrained wp-block-group-is-layout-constrained\">\n<p class=\"has-primary-color has-text-color has-link-color wp-elements-b1d1ab854b204a1a0781732e71099bed\"><strong>La Diversity Roadmap propose des recommandations simples pour plus de diversit\u00e9 et d\u2019\u00e9galit\u00e9 dans les clubs et les festivals.<\/strong><\/p>\n\n\n\n<p class=\"has-primary-color has-text-color has-link-color wp-elements-2c0155c8e714d19c8d273da375fc3f08\">Nous consid\u00e9rons les clubs et les festivals comme des lieux publics qui doivent \u00eatre accessibles \u00e0 toutes les personnes int\u00e9ress\u00e9es. Vivre la diversit\u00e9 et la participation signifie pour nous assumer la responsabilit\u00e9 et prendre les mesures appropri\u00e9es pour cr\u00e9er des espaces non-discriminatoires et promouvoir activement une cohabitation respectueuse des diff\u00e9rentes r\u00e9alit\u00e9s de vie. La Diversity Roadmap pr\u00e9sente un certain nombre de mesures pouvant \u00eatre mises en \u0153uvre individuellement ou collectivement. Elle n\u2019offre aucune r\u00e9ponse toute faite, mais nous encourage \u00e0 interroger, discuter et faire \u00e9voluer nos propres attitudes et actions.<\/p>\n\n\n\n<p class=\"has-primary-color has-text-color has-link-color wp-elements-b1af1d824fdd6d19c6d2af80239805d0\">D\u00e9couvre les contenus de la Diversity Roadmap en cliquant sur les diff\u00e9rentes rubriques : <a href=\"https:\/\/diversityroadmap.org\/fr\/topics\/communication\/\">Communication<\/a>, <a href=\"https:\/\/diversityroadmap.org\/fr\/topics\/structures\/\">Structures<\/a>, <a href=\"https:\/\/diversityroadmap.org\/fr\/topics\/programmation\/\">Programmation<\/a>, <a href=\"https:\/\/diversityroadmap.org\/fr\/topics\/infrastructures\/\">Infrastructures<\/a> et <a href=\"https:\/\/diversityroadmap.org\/fr\/topics\/interventions\/\">Interventions<\/a>.<\/p>\n<\/div>\n\n\n\n<div style=\"height:clamp(3.75rem, 2.3214rem + 7.1429vw, 11.25rem)\" aria-hidden=\"true\" class=\"wp-block-spacer\"><\/div>\n\n\n\n<blockquote class=\"wp-block-quote has-text-align-center has-primary-color has-secondary-background-color has-text-color has-background has-link-color wp-elements-76cfccaa27bd31eef544ff75a75eeabd is-layout-flow wp-block-quote-is-layout-flow\">\n<p class=\"has-text-align-center has-xlarge-font-size\">\u00abIt is&nbsp;not&nbsp;a to-do list of things to do and have to be a \u201cgood live music scene\u201d!! It rather aims at starting a reflection on crucial societal subjects.\u00bb<\/p>\n<cite>Juliette Olivares <a href=\"https:\/\/www.live-dma.eu\/\">Live DMA<\/a><\/cite><\/blockquote>\n\n\n\n<div style=\"height:clamp(6rem, 45vh, 20rem);\" aria-hidden=\"true\" class=\"wp-block-spacer\"><\/div>\n","protected":false},"excerpt":{"rendered":"<p>\u00ab&nbsp;Pas seulement des affiches dans les toilettes&nbsp;\u00bb \u2013 Violence sexualis\u00e9e dans les clubs et les festivals Lire le rapport La Diversity Roadmap propose des recommandations simples pour plus de diversit\u00e9 et d\u2019\u00e9galit\u00e9 dans les clubs et les festivals. Nous consid\u00e9rons les clubs et les festivals comme des lieux publics qui doivent \u00eatre accessibles \u00e0 toutes [&hellip;]<\/p>\n","protected":false},"author":1,"featured_media":0,"parent":0,"menu_order":0,"comment_status":"closed","ping_status":"closed","template":"","meta":{"_acf_changed":false,"footnotes":""},"class_list":["post-13","page","type-page","status-publish","hentry"],"acf":[],"yoast_head":"<!-- This site is optimized with the Yoast SEO plugin v24.0 - https:\/\/yoast.com\/wordpress\/plugins\/seo\/ -->\n<title>Startseite | Diversity Roadmap<\/title>\n<meta name=\"robots\" content=\"index, follow, max-snippet:-1, max-image-preview:large, max-video-preview:-1\" \/>\n<link rel=\"canonical\" href=\"https:\/\/diversityroadmap.org\/fr\/\" \/>\n<meta property=\"og:locale\" content=\"fr_FR\" \/>\n<meta property=\"og:type\" content=\"article\" \/>\n<meta property=\"og:title\" content=\"Startseite | Diversity Roadmap\" \/>\n<meta property=\"og:description\" content=\"\u00ab&nbsp;Pas seulement des affiches dans les toilettes&nbsp;\u00bb \u2013 Violence sexualis\u00e9e dans les clubs et les festivals Lire le rapport La Diversity Roadmap propose des recommandations simples pour plus de diversit\u00e9 et d\u2019\u00e9galit\u00e9 dans les clubs et les festivals. Nous consid\u00e9rons les clubs et les festivals comme des lieux publics qui doivent \u00eatre accessibles \u00e0 toutes [&hellip;]\" \/>\n<meta property=\"og:url\" content=\"https:\/\/diversityroadmap.org\/fr\/\" \/>\n<meta property=\"og:site_name\" content=\"Diversity Roadmap\" \/>\n<meta property=\"article:publisher\" content=\"https:\/\/www.facebook.com\/HELVETIAROCKT\" \/>\n<meta property=\"article:modified_time\" content=\"2025-12-10T13:34:38+00:00\" \/>\n<meta name=\"twitter:card\" content=\"summary_large_image\" \/>\n<meta name=\"twitter:label1\" content=\"Dur\u00e9e de lecture estim\u00e9e\" \/>\n\t<meta name=\"twitter:data1\" content=\"1 minute\" \/>\n<script type=\"application\/ld+json\" class=\"yoast-schema-graph\">{\"@context\":\"https:\/\/schema.org\",\"@graph\":[{\"@type\":\"WebPage\",\"@id\":\"https:\/\/diversityroadmap.org\/fr\/\",\"url\":\"https:\/\/diversityroadmap.org\/fr\/\",\"name\":\"Startseite | Diversity Roadmap\",\"isPartOf\":{\"@id\":\"https:\/\/diversityroadmap.org\/fr\/#website\"},\"datePublished\":\"2019-12-16T16:24:35+00:00\",\"dateModified\":\"2025-12-10T13:34:38+00:00\",\"breadcrumb\":{\"@id\":\"https:\/\/diversityroadmap.org\/fr\/#breadcrumb\"},\"inLanguage\":\"fr-FR\",\"potentialAction\":[{\"@type\":\"ReadAction\",\"target\":[\"https:\/\/diversityroadmap.org\/fr\/\"]}]},{\"@type\":\"BreadcrumbList\",\"@id\":\"https:\/\/diversityroadmap.org\/fr\/#breadcrumb\",\"itemListElement\":[{\"@type\":\"ListItem\",\"position\":1,\"name\":\"Home\",\"item\":\"https:\/\/diversityroadmap.org\/fr\/\"},{\"@type\":\"ListItem\",\"position\":2,\"name\":\"Startseite\"}]},{\"@type\":\"WebSite\",\"@id\":\"https:\/\/diversityroadmap.org\/fr\/#website\",\"url\":\"https:\/\/diversityroadmap.org\/fr\/\",\"name\":\"Diversity Roadmap\",\"description\":\"\",\"publisher\":{\"@id\":\"https:\/\/diversityroadmap.org\/fr\/#organization\"},\"potentialAction\":[{\"@type\":\"SearchAction\",\"target\":{\"@type\":\"EntryPoint\",\"urlTemplate\":\"https:\/\/diversityroadmap.org\/fr\/?s={search_term_string}\"},\"query-input\":{\"@type\":\"PropertyValueSpecification\",\"valueRequired\":true,\"valueName\":\"search_term_string\"}}],\"inLanguage\":\"fr-FR\"},{\"@type\":\"Organization\",\"@id\":\"https:\/\/diversityroadmap.org\/fr\/#organization\",\"name\":\"Helvetiarockt\",\"url\":\"https:\/\/diversityroadmap.org\/fr\/\",\"logo\":{\"@type\":\"ImageObject\",\"inLanguage\":\"fr-FR\",\"@id\":\"https:\/\/diversityroadmap.org\/fr\/#\/schema\/logo\/image\/\",\"url\":\"https:\/\/diversityroadmap.org\/wp-content\/uploads\/2020\/04\/HR_Logo_pos.jpg\",\"contentUrl\":\"https:\/\/diversityroadmap.org\/wp-content\/uploads\/2020\/04\/HR_Logo_pos.jpg\",\"width\":591,\"height\":334,\"caption\":\"Helvetiarockt\"},\"image\":{\"@id\":\"https:\/\/diversityroadmap.org\/fr\/#\/schema\/logo\/image\/\"},\"sameAs\":[\"https:\/\/www.facebook.com\/HELVETIAROCKT\",\"https:\/\/www.instagram.com\/HELVETIAROCKT\",\"https:\/\/www.youtube.com\/HELVETIAROCKT\"]}]}<\/script>\n<!-- \/ Yoast SEO plugin. -->","yoast_head_json":{"title":"Startseite | Diversity Roadmap","robots":{"index":"index","follow":"follow","max-snippet":"max-snippet:-1","max-image-preview":"max-image-preview:large","max-video-preview":"max-video-preview:-1"},"canonical":"https:\/\/diversityroadmap.org\/fr\/","og_locale":"fr_FR","og_type":"article","og_title":"Startseite | Diversity Roadmap","og_description":"\u00ab&nbsp;Pas seulement des affiches dans les toilettes&nbsp;\u00bb \u2013 Violence sexualis\u00e9e dans les clubs et les festivals Lire le rapport La Diversity Roadmap propose des recommandations simples pour plus de diversit\u00e9 et d\u2019\u00e9galit\u00e9 dans les clubs et les festivals. Nous consid\u00e9rons les clubs et les festivals comme des lieux publics qui doivent \u00eatre accessibles \u00e0 toutes [&hellip;]","og_url":"https:\/\/diversityroadmap.org\/fr\/","og_site_name":"Diversity Roadmap","article_publisher":"https:\/\/www.facebook.com\/HELVETIAROCKT","article_modified_time":"2025-12-10T13:34:38+00:00","twitter_card":"summary_large_image","twitter_misc":{"Dur\u00e9e de lecture estim\u00e9e":"1 minute"},"schema":{"@context":"https:\/\/schema.org","@graph":[{"@type":"WebPage","@id":"https:\/\/diversityroadmap.org\/fr\/","url":"https:\/\/diversityroadmap.org\/fr\/","name":"Startseite | Diversity Roadmap","isPartOf":{"@id":"https:\/\/diversityroadmap.org\/fr\/#website"},"datePublished":"2019-12-16T16:24:35+00:00","dateModified":"2025-12-10T13:34:38+00:00","breadcrumb":{"@id":"https:\/\/diversityroadmap.org\/fr\/#breadcrumb"},"inLanguage":"fr-FR","potentialAction":[{"@type":"ReadAction","target":["https:\/\/diversityroadmap.org\/fr\/"]}]},{"@type":"BreadcrumbList","@id":"https:\/\/diversityroadmap.org\/fr\/#breadcrumb","itemListElement":[{"@type":"ListItem","position":1,"name":"Home","item":"https:\/\/diversityroadmap.org\/fr\/"},{"@type":"ListItem","position":2,"name":"Startseite"}]},{"@type":"WebSite","@id":"https:\/\/diversityroadmap.org\/fr\/#website","url":"https:\/\/diversityroadmap.org\/fr\/","name":"Diversity Roadmap","description":"","publisher":{"@id":"https:\/\/diversityroadmap.org\/fr\/#organization"},"potentialAction":[{"@type":"SearchAction","target":{"@type":"EntryPoint","urlTemplate":"https:\/\/diversityroadmap.org\/fr\/?s={search_term_string}"},"query-input":{"@type":"PropertyValueSpecification","valueRequired":true,"valueName":"search_term_string"}}],"inLanguage":"fr-FR"},{"@type":"Organization","@id":"https:\/\/diversityroadmap.org\/fr\/#organization","name":"Helvetiarockt","url":"https:\/\/diversityroadmap.org\/fr\/","logo":{"@type":"ImageObject","inLanguage":"fr-FR","@id":"https:\/\/diversityroadmap.org\/fr\/#\/schema\/logo\/image\/","url":"https:\/\/diversityroadmap.org\/wp-content\/uploads\/2020\/04\/HR_Logo_pos.jpg","contentUrl":"https:\/\/diversityroadmap.org\/wp-content\/uploads\/2020\/04\/HR_Logo_pos.jpg","width":591,"height":334,"caption":"Helvetiarockt"},"image":{"@id":"https:\/\/diversityroadmap.org\/fr\/#\/schema\/logo\/image\/"},"sameAs":["https:\/\/www.facebook.com\/HELVETIAROCKT","https:\/\/www.instagram.com\/HELVETIAROCKT","https:\/\/www.youtube.com\/HELVETIAROCKT"]}]}},"distributor_meta":false,"distributor_terms":false,"distributor_media":false,"distributor_original_site_name":"Diversity Roadmap","distributor_original_site_url":"https:\/\/diversityroadmap.org\/fr\/","push-errors":false,"_links":{"self":[{"href":"https:\/\/diversityroadmap.org\/fr\/wp-json\/wp\/v2\/pages\/13","targetHints":{"allow":["GET"]}}],"collection":[{"href":"https:\/\/diversityroadmap.org\/fr\/wp-json\/wp\/v2\/pages"}],"about":[{"href":"https:\/\/diversityroadmap.org\/fr\/wp-json\/wp\/v2\/types\/page"}],"author":[{"embeddable":true,"href":"https:\/\/diversityroadmap.org\/fr\/wp-json\/wp\/v2\/users\/1"}],"replies":[{"embeddable":true,"href":"https:\/\/diversityroadmap.org\/fr\/wp-json\/wp\/v2\/comments?post=13"}],"version-history":[{"count":9,"href":"https:\/\/diversityroadmap.org\/fr\/wp-json\/wp\/v2\/pages\/13\/revisions"}],"predecessor-version":[{"id":3128,"href":"https:\/\/diversityroadmap.org\/fr\/wp-json\/wp\/v2\/pages\/13\/revisions\/3128"}],"wp:attachment":[{"href":"https:\/\/diversityroadmap.org\/fr\/wp-json\/wp\/v2\/media?parent=13"}],"curies":[{"name":"wp","href":"https:\/\/api.w.org\/{rel}","templated":true}]}}